{"id":10843,"date":"2018-09-19T10:24:39","date_gmt":"2018-09-19T08:24:39","guid":{"rendered":"http:\/\/www.nackagymnasium.info\/skolbibliotek\/?page_id=10843"},"modified":"2024-09-16T10:20:05","modified_gmt":"2024-09-16T08:20:05","slug":"sok-bocker","status":"publish","type":"page","link":"https:\/\/www.nackagymnasium.info\/skolbibliotek\/sok-bocker\/","title":{"rendered":"S\u00f6k b\u00f6cker"},"content":{"rendered":"\n<p>I v\u00e5r katalog kan du se vilka b\u00f6cker som finns inne hos oss:<br><strong><a href=\"https:\/\/bookitpubng.nacka.se\/web\/pub\" target=\"_blank\" rel=\"noreferrer noopener\">Nacka gymnasiums bibliotekskatalog<\/a><\/strong><\/p>\n\n\n\n<p>Du kan ocks\u00e5 s\u00f6ka efter b\u00f6cker p\u00e5 folkbiblioteken i t.ex. Nacka, Stockholm eller V\u00e4rmd\u00f6:<\/p>\n\n\n\n<ul class=\"wp-block-list\">\n<li><a href=\"https:\/\/bib.nacka.se\/\" target=\"_blank\" rel=\"noreferrer noopener\">Nacka kommuns bibliotek<\/a><\/li>\n\n\n\n<li><strong><a href=\"https:\/\/biblioteket.stockholm.se\/\" target=\"_blank\" rel=\"noreferrer noopener\">Stockholms stadsbibliotek<\/a><\/strong><\/li>\n\n\n\n<li><a href=\"https:\/\/bibliotek.varmdo.se\/web\/arena\" target=\"_blank\" rel=\"noreferrer noopener\"><strong>V\u00e4rmd\u00f6 bibliotek<\/strong><\/a><\/li>\n<\/ul>\n\n\n\n<p>I den nationella bibliotekskatalogen Libris kan du se vilka b\u00f6cker som finns p\u00e5 svenska h\u00f6gskolebibliotek, forskningsbibliotek och specialbibliotek, samt p\u00e5 en del folkbibliotek. Du kommer ocks\u00e5 \u00e5t en hel del b\u00f6cker och rapporter i fulltext via Libris, vilket inneb\u00e4r att du kan ladda ner och l\u00e4sa hela texten:<\/p>\n\n\n\n<p><a href=\"http:\/\/libris.kb.se\/\" target=\"_blank\" rel=\"noreferrer noopener\"><strong>Libris<\/strong><\/a><\/p>\n\n\n\n<figure class=\"wp-block-image\"><a href=\"https:\/\/www.nackagymnasium.info\/skolbibliotek\/wp-content\/uploads\/2018\/09\/JGP9876.jpg\"><img loading=\"lazy\" decoding=\"async\" width=\"1024\" height=\"576\" src=\"https:\/\/www.nackagymnasium.info\/skolbibliotek\/wp-content\/uploads\/2018\/09\/JGP9876-1024x576.jpg\" alt=\"\" class=\"wp-image-10847\" srcset=\"https:\/\/www.nackagymnasium.info\/skolbibliotek\/wp-content\/uploads\/2018\/09\/JGP9876-1024x576.jpg 1024w, https:\/\/www.nackagymnasium.info\/skolbibliotek\/wp-content\/uploads\/2018\/09\/JGP9876-300x169.jpg 300w, https:\/\/www.nackagymnasium.info\/skolbibliotek\/wp-content\/uploads\/2018\/09\/JGP9876-768x432.jpg 768w, https:\/\/www.nackagymnasium.info\/skolbibliotek\/wp-content\/uploads\/2018\/09\/JGP9876-1200x675.jpg 1200w, https:\/\/www.nackagymnasium.info\/skolbibliotek\/wp-content\/uploads\/2018\/09\/JGP9876.jpg 2000w\" sizes=\"auto, (max-width: 709px) 85vw, (max-width: 909px) 67vw, (max-width: 1362px) 62vw, 840px\" \/><\/a><\/figure>\n","protected":false},"excerpt":{"rendered":"<p>I v\u00e5r katalog kan du se vilka b\u00f6cker som finns inne hos oss:Nacka gymnasiums bibliotekskatalog Du kan ocks\u00e5 s\u00f6ka efter b\u00f6cker p\u00e5 folkbiblioteken i t.ex. Nacka, Stockholm eller V\u00e4rmd\u00f6: I den nationella bibliotekskatalogen Libris kan du se vilka b\u00f6cker som finns p\u00e5 svenska h\u00f6gskolebibliotek, forskningsbibliotek och specialbibliotek, samt p\u00e5 en del folkbibliotek. Du kommer ocks\u00e5 &hellip; <a href=\"https:\/\/www.nackagymnasium.info\/skolbibliotek\/sok-bocker\/\" class=\"more-link\">Forts\u00e4tt l\u00e4sa<span class=\"screen-reader-text\"> \u201dS\u00f6k b\u00f6cker\u201d<\/span><\/a><\/p>\n","protected":false},"author":1,"featured_media":0,"parent":0,"menu_order":0,"comment_status":"closed","ping_status":"closed","template":"","meta":{"footnotes":""},"class_list":["post-10843","page","type-page","status-publish","hentry"],"_links":{"self":[{"href":"https:\/\/www.nackagymnasium.info\/skolbibliotek\/wp-json\/wp\/v2\/pages\/10843","targetHints":{"allow":["GET"]}}],"collection":[{"href":"https:\/\/www.nackagymnasium.info\/skolbibliotek\/wp-json\/wp\/v2\/pages"}],"about":[{"href":"https:\/\/www.nackagymnasium.info\/skolbibliotek\/wp-json\/wp\/v2\/types\/page"}],"author":[{"embeddable":true,"href":"https:\/\/www.nackagymnasium.info\/skolbibliotek\/wp-json\/wp\/v2\/users\/1"}],"replies":[{"embeddable":true,"href":"https:\/\/www.nackagymnasium.info\/skolbibliotek\/wp-json\/wp\/v2\/comments?post=10843"}],"version-history":[{"count":3,"href":"https:\/\/www.nackagymnasium.info\/skolbibliotek\/wp-json\/wp\/v2\/pages\/10843\/revisions"}],"predecessor-version":[{"id":12588,"href":"https:\/\/www.nackagymnasium.info\/skolbibliotek\/wp-json\/wp\/v2\/pages\/10843\/revisions\/12588"}],"wp:attachment":[{"href":"https:\/\/www.nackagymnasium.info\/skolbibliotek\/wp-json\/wp\/v2\/media?parent=10843"}],"curies":[{"name":"wp","href":"https:\/\/api.w.org\/{rel}","templated":true}]}}