{"id":11493,"date":"2020-04-23T11:05:31","date_gmt":"2020-04-23T09:05:31","guid":{"rendered":"https:\/\/www.nackagymnasium.info\/skolbibliotek\/?page_id=11493"},"modified":"2024-09-16T10:07:48","modified_gmt":"2024-09-16T08:07:48","slug":"fria-ebocker","status":"publish","type":"page","link":"https:\/\/www.nackagymnasium.info\/skolbibliotek\/hitta-kallor\/fria-ebocker\/","title":{"rendered":"Fria e-b\u00f6cker"},"content":{"rendered":"\n<p>H\u00e4r har vi samlat l\u00e4nkar till olika webbplatser som erbjuder fria e-b\u00f6cker, e-ljudb\u00f6cker och digitala dikter.<\/p>\n\n\n\n<h1 class=\"wp-block-heading\"><strong>Svenska<\/strong><\/h1>\n\n\n\n<p><strong><a href=\"http:\/\/runeberg.org\/\" target=\"_blank\" rel=\"noreferrer noopener\">Projekt Runeberg<\/a><\/strong><br>Fria elektroniska utg\u00e5vor av klassisk nordisk litteratur.<\/p>\n\n\n\n<p><strong><a href=\"https:\/\/litteraturbanken.se\/bibliotek?sort=popularitet\" target=\"_blank\" rel=\"noreferrer noopener\">Litteraturbanken<\/a><\/strong><br>E-texter av klassiska svensk f\u00f6rfattare &#8211; men ocks\u00e5 uppl\u00e4sta dikter, f\u00f6rfattarpresentationer och mycket mera.<\/p>\n\n\n\n<p><strong><a href=\"https:\/\/www.kriterium.se\/site\/\" target=\"_blank\" rel=\"noreferrer noopener\">Kriterium<\/a><\/strong><br>Akademisk litteratur, fr\u00e4mst inom humaniora.<\/p>\n\n\n\n<p><a href=\"https:\/\/arenan.yle.fi\/poddar\/program\/30-662\" target=\"_blank\" rel=\"noreferrer noopener\"><strong>Tove Jansson l\u00e4ser Tove Jansson<\/strong> <\/a><br>H\u00e4r kan du lyssna p\u00e5 bland annat <em>Sommarboken <\/em>och \u2013 f\u00f6rst\u00e5s! \u2013 alla Muminb\u00f6ckerna.<\/p>\n\n\n\n<p><strong><a href=\"http:\/\/podpoesi.nu\/\" target=\"_blank\" rel=\"noreferrer noopener\">Podpoesi<\/a><\/strong><br>Lyssna p\u00e5 och ladda hem smakprov av svensk poesi, inl\u00e4st av poeterna sj\u00e4lva.<\/p>\n\n\n\n<figure class=\"wp-block-gallery has-nested-images columns-default is-cropped wp-block-gallery-2 is-layout-flex wp-block-gallery-is-layout-flex\">\n<figure class=\"wp-block-image size-large\"><img loading=\"lazy\" decoding=\"async\" width=\"637\" height=\"1024\" data-id=\"11498\" src=\"https:\/\/www.nackagymnasium.info\/skolbibliotek\/wp-content\/uploads\/2020\/04\/Doktor-Glas-637x1024.jpg\" alt=\"\" class=\"wp-image-11498\" srcset=\"https:\/\/www.nackagymnasium.info\/skolbibliotek\/wp-content\/uploads\/2020\/04\/Doktor-Glas-637x1024.jpg 637w, https:\/\/www.nackagymnasium.info\/skolbibliotek\/wp-content\/uploads\/2020\/04\/Doktor-Glas-187x300.jpg 187w, https:\/\/www.nackagymnasium.info\/skolbibliotek\/wp-content\/uploads\/2020\/04\/Doktor-Glas-768x1234.jpg 768w, https:\/\/www.nackagymnasium.info\/skolbibliotek\/wp-content\/uploads\/2020\/04\/Doktor-Glas-956x1536.jpg 956w, https:\/\/www.nackagymnasium.info\/skolbibliotek\/wp-content\/uploads\/2020\/04\/Doktor-Glas.jpg 1006w\" sizes=\"auto, (max-width: 637px) 85vw, 637px\" \/><\/figure>\n\n\n\n<figure class=\"wp-block-image size-large\"><img loading=\"lazy\" decoding=\"async\" width=\"633\" height=\"1024\" data-id=\"11499\" src=\"https:\/\/www.nackagymnasium.info\/skolbibliotek\/wp-content\/uploads\/2020\/04\/En-herrg\u00e5rdss\u00e4gen-633x1024.jpg\" alt=\"\" class=\"wp-image-11499\" srcset=\"https:\/\/www.nackagymnasium.info\/skolbibliotek\/wp-content\/uploads\/2020\/04\/En-herrg\u00e5rdss\u00e4gen-633x1024.jpg 633w, https:\/\/www.nackagymnasium.info\/skolbibliotek\/wp-content\/uploads\/2020\/04\/En-herrg\u00e5rdss\u00e4gen-185x300.jpg 185w, https:\/\/www.nackagymnasium.info\/skolbibliotek\/wp-content\/uploads\/2020\/04\/En-herrg\u00e5rdss\u00e4gen-768x1242.jpg 768w, https:\/\/www.nackagymnasium.info\/skolbibliotek\/wp-content\/uploads\/2020\/04\/En-herrg\u00e5rdss\u00e4gen-950x1536.jpg 950w, https:\/\/www.nackagymnasium.info\/skolbibliotek\/wp-content\/uploads\/2020\/04\/En-herrg\u00e5rdss\u00e4gen-1266x2048.jpg 1266w, https:\/\/www.nackagymnasium.info\/skolbibliotek\/wp-content\/uploads\/2020\/04\/En-herrg\u00e5rdss\u00e4gen-1200x1941.jpg 1200w, https:\/\/www.nackagymnasium.info\/skolbibliotek\/wp-content\/uploads\/2020\/04\/En-herrg\u00e5rdss\u00e4gen.jpg 1495w\" sizes=\"auto, (max-width: 633px) 85vw, 633px\" \/><\/figure>\n\n\n\n<figure class=\"wp-block-image size-large\"><a href=\"https:\/\/www.nackagymnasium.info\/skolbibliotek\/wp-content\/uploads\/2024\/04\/Framtidensskugga.jpg\"><img loading=\"lazy\" decoding=\"async\" width=\"679\" height=\"1024\" data-id=\"12548\" src=\"https:\/\/www.nackagymnasium.info\/skolbibliotek\/wp-content\/uploads\/2024\/04\/Framtidensskugga-679x1024.jpg\" alt=\"\" class=\"wp-image-12548\" srcset=\"https:\/\/www.nackagymnasium.info\/skolbibliotek\/wp-content\/uploads\/2024\/04\/Framtidensskugga-679x1024.jpg 679w, https:\/\/www.nackagymnasium.info\/skolbibliotek\/wp-content\/uploads\/2024\/04\/Framtidensskugga-199x300.jpg 199w, https:\/\/www.nackagymnasium.info\/skolbibliotek\/wp-content\/uploads\/2024\/04\/Framtidensskugga-768x1158.jpg 768w, https:\/\/www.nackagymnasium.info\/skolbibliotek\/wp-content\/uploads\/2024\/04\/Framtidensskugga-1019x1536.jpg 1019w, https:\/\/www.nackagymnasium.info\/skolbibliotek\/wp-content\/uploads\/2024\/04\/Framtidensskugga-1200x1809.jpg 1200w, https:\/\/www.nackagymnasium.info\/skolbibliotek\/wp-content\/uploads\/2024\/04\/Framtidensskugga.jpg 1327w\" sizes=\"auto, (max-width: 679px) 85vw, 679px\" \/><\/a><\/figure>\n<\/figure>\n\n\n\n<h1 class=\"wp-block-heading\"><strong>Engelska<\/strong><\/h1>\n\n\n\n<p><strong><a href=\"http:\/\/www.openculture.com\/freeaudiobooks\" target=\"_blank\" rel=\"noreferrer noopener\">Open Culture \u2013 Free Audiobooks<\/a><\/strong><br>E-ljudb\u00f6cker p\u00e5 engelska. Fr\u00e4mst klassiker, men \u00e4ven en del nytt.<\/p>\n\n\n\n<p><strong><a href=\"https:\/\/openlibrary.org\/\" target=\"_blank\" rel=\"noreferrer noopener\">Open Library<\/a><\/strong><br>Genom att skapa ett konto g\u00e5r det att streama en stor m\u00e4ngd b\u00f6cker, \u00e4ven moderna, samt att ladda ner krypterade pdf:er som f\u00f6rst\u00f6rs efter tv\u00e5 veckor.<\/p>\n\n\n\n<p><strong><a href=\"http:\/\/www.gutenberg.org\/\" target=\"_blank\" rel=\"noreferrer noopener\">Project Gutenberg<\/a><\/strong><br>Fria elektroniska utg\u00e5vor av engelskspr\u00e5kig litteratur, men ocks\u00e5 en del p\u00e5 andra spr\u00e5k, d\u00e4ribland svenska.<\/p>\n\n\n\n<p><a href=\"https:\/\/www.poetryfoundation.org\/\" target=\"_blank\" rel=\"noreferrer noopener\"><strong>Poetry Foundation<\/strong><\/a><br>Dikter p\u00e5 engelska, b\u00e5de moderna och klassiska, i text och\/eller inl\u00e4sta. Dessutom fakta om poeterna och olika l\u00e4rarresurser.<\/p>\n\n\n\n<figure class=\"wp-block-gallery has-nested-images columns-default is-cropped wp-block-gallery-3 is-layout-flex wp-block-gallery-is-layout-flex\">\n<figure class=\"wp-block-image size-large\"><a href=\"https:\/\/www.nackagymnasium.info\/skolbibliotek\/wp-content\/uploads\/2024\/04\/moby-dick-slideshow-slide-V7YU-articleLarge.jpg\"><img loading=\"lazy\" decoding=\"async\" width=\"600\" height=\"816\" data-id=\"12544\" src=\"https:\/\/www.nackagymnasium.info\/skolbibliotek\/wp-content\/uploads\/2024\/04\/moby-dick-slideshow-slide-V7YU-articleLarge.jpg\" alt=\"\" class=\"wp-image-12544\" srcset=\"https:\/\/www.nackagymnasium.info\/skolbibliotek\/wp-content\/uploads\/2024\/04\/moby-dick-slideshow-slide-V7YU-articleLarge.jpg 600w, https:\/\/www.nackagymnasium.info\/skolbibliotek\/wp-content\/uploads\/2024\/04\/moby-dick-slideshow-slide-V7YU-articleLarge-221x300.jpg 221w\" sizes=\"auto, (max-width: 600px) 85vw, 600px\" \/><\/a><\/figure>\n\n\n\n<figure class=\"wp-block-image size-large\"><a href=\"https:\/\/www.nackagymnasium.info\/skolbibliotek\/wp-content\/uploads\/2024\/04\/Crimeandpunishmentcover-1.png\"><img loading=\"lazy\" decoding=\"async\" width=\"255\" height=\"391\" data-id=\"12546\" src=\"https:\/\/www.nackagymnasium.info\/skolbibliotek\/wp-content\/uploads\/2024\/04\/Crimeandpunishmentcover-1.png\" alt=\"\" class=\"wp-image-12546\" srcset=\"https:\/\/www.nackagymnasium.info\/skolbibliotek\/wp-content\/uploads\/2024\/04\/Crimeandpunishmentcover-1.png 255w, https:\/\/www.nackagymnasium.info\/skolbibliotek\/wp-content\/uploads\/2024\/04\/Crimeandpunishmentcover-1-196x300.png 196w\" sizes=\"auto, (max-width: 255px) 85vw, 255px\" \/><\/a><\/figure>\n\n\n\n<figure class=\"wp-block-image size-large\"><img loading=\"lazy\" decoding=\"async\" width=\"631\" height=\"1024\" data-id=\"12347\" src=\"https:\/\/www.nackagymnasium.info\/skolbibliotek\/wp-content\/uploads\/2023\/02\/Austen-631x1024.jpg\" alt=\"\" class=\"wp-image-12347\" srcset=\"https:\/\/www.nackagymnasium.info\/skolbibliotek\/wp-content\/uploads\/2023\/02\/Austen-631x1024.jpg 631w, https:\/\/www.nackagymnasium.info\/skolbibliotek\/wp-content\/uploads\/2023\/02\/Austen-185x300.jpg 185w, https:\/\/www.nackagymnasium.info\/skolbibliotek\/wp-content\/uploads\/2023\/02\/Austen-768x1247.jpg 768w, https:\/\/www.nackagymnasium.info\/skolbibliotek\/wp-content\/uploads\/2023\/02\/Austen-946x1536.jpg 946w, https:\/\/www.nackagymnasium.info\/skolbibliotek\/wp-content\/uploads\/2023\/02\/Austen-1262x2048.jpg 1262w, https:\/\/www.nackagymnasium.info\/skolbibliotek\/wp-content\/uploads\/2023\/02\/Austen-1200x1948.jpg 1200w, https:\/\/www.nackagymnasium.info\/skolbibliotek\/wp-content\/uploads\/2023\/02\/Austen.jpg 1300w\" sizes=\"auto, (max-width: 631px) 85vw, 631px\" \/><\/figure>\n<\/figure>\n\n\n\n<h1 class=\"wp-block-heading\"><strong>Fler spr\u00e5k<\/strong><\/h1>\n\n\n\n<p><strong><a href=\"https:\/\/www.onleihe.de\/goethe-institut\/frontend\/welcome,51-0-0-100-0-0-1-0-0-0-0.html\" target=\"_blank\" rel=\"noreferrer noopener\">Onleihe<\/a><\/strong><br>Fritt tillg\u00e4ngliga e-b\u00f6cker och andra resurser p\u00e5 tyska. Registrering kr\u00e4vs.<\/p>\n\n\n\n<p><a href=\"https:\/\/www.oyejuanjo.com\/\" target=\"_blank\" rel=\"noreferrer noopener\"><strong>Oye Juanjo!<\/strong><br><\/a>En sida som samlar och tipsar om fritt tillg\u00e4ngliga e-b\u00f6cker p\u00e5 spanska.<\/p>\n\n\n\n<p><strong><a href=\"https:\/\/www.varldensbibliotek.se\/\" target=\"_blank\" rel=\"noreferrer noopener\">V\u00e4rldens bibliotek<\/a><\/strong><br>E-b\u00f6cker och str\u00f6mmande ljudb\u00f6cker p\u00e5 olika spr\u00e5k, bland annat arabiska, kurdiska, persiska, somaliska, tigrinska och turkiska.<\/p>\n\n\n\n<p><strong><a href=\"https:\/\/kb.se\/bladdra\" target=\"_blank\" rel=\"noreferrer noopener\">Bl\u00e4ddra<\/a><\/strong><br>En app fr\u00e5n Kungliga biblioteket med e-b\u00f6cker p\u00e5 de nationella minoritetsspr\u00e5ken jiddisch, me\u00e4nkieli, romani chib och samiska. P\u00e5 sikt kommer det \u00e4ven att finnas b\u00f6cker p\u00e5 finska i appen.<\/p>\n\n\n\n<figure class=\"wp-block-image size-large\"><a href=\"https:\/\/www.nackagymnasium.info\/skolbibliotek\/wp-content\/uploads\/2022\/09\/Logotyp-med-bakgrund.jpg\"><img loading=\"lazy\" decoding=\"async\" width=\"1024\" height=\"576\" src=\"https:\/\/www.nackagymnasium.info\/skolbibliotek\/wp-content\/uploads\/2022\/09\/Logotyp-med-bakgrund-1024x576.jpg\" alt=\"\" class=\"wp-image-12297\" srcset=\"https:\/\/www.nackagymnasium.info\/skolbibliotek\/wp-content\/uploads\/2022\/09\/Logotyp-med-bakgrund-1024x576.jpg 1024w, https:\/\/www.nackagymnasium.info\/skolbibliotek\/wp-content\/uploads\/2022\/09\/Logotyp-med-bakgrund-300x169.jpg 300w, https:\/\/www.nackagymnasium.info\/skolbibliotek\/wp-content\/uploads\/2022\/09\/Logotyp-med-bakgrund-768x432.jpg 768w, https:\/\/www.nackagymnasium.info\/skolbibliotek\/wp-content\/uploads\/2022\/09\/Logotyp-med-bakgrund-1536x864.jpg 1536w, https:\/\/www.nackagymnasium.info\/skolbibliotek\/wp-content\/uploads\/2022\/09\/Logotyp-med-bakgrund-1200x675.jpg 1200w, https:\/\/www.nackagymnasium.info\/skolbibliotek\/wp-content\/uploads\/2022\/09\/Logotyp-med-bakgrund.jpg 1920w\" sizes=\"auto, (max-width: 709px) 85vw, (max-width: 909px) 67vw, (max-width: 1362px) 62vw, 840px\" \/><\/a><\/figure>\n","protected":false},"excerpt":{"rendered":"<p>H\u00e4r har vi samlat l\u00e4nkar till olika webbplatser som erbjuder fria e-b\u00f6cker, e-ljudb\u00f6cker och digitala dikter. Svenska Projekt RunebergFria elektroniska utg\u00e5vor av klassisk nordisk litteratur. LitteraturbankenE-texter av klassiska svensk f\u00f6rfattare &#8211; men ocks\u00e5 uppl\u00e4sta dikter, f\u00f6rfattarpresentationer och mycket mera. KriteriumAkademisk litteratur, fr\u00e4mst inom humaniora. Tove Jansson l\u00e4ser Tove Jansson H\u00e4r kan du lyssna p\u00e5 bland &hellip; <a href=\"https:\/\/www.nackagymnasium.info\/skolbibliotek\/hitta-kallor\/fria-ebocker\/\" class=\"more-link\">Forts\u00e4tt l\u00e4sa<span class=\"screen-reader-text\"> \u201dFria e-b\u00f6cker\u201d<\/span><\/a><\/p>\n","protected":false},"author":3,"featured_media":0,"parent":9744,"menu_order":0,"comment_status":"closed","ping_status":"closed","template":"","meta":{"footnotes":""},"class_list":["post-11493","page","type-page","status-publish","hentry"],"_links":{"self":[{"href":"https:\/\/www.nackagymnasium.info\/skolbibliotek\/wp-json\/wp\/v2\/pages\/11493","targetHints":{"allow":["GET"]}}],"collection":[{"href":"https:\/\/www.nackagymnasium.info\/skolbibliotek\/wp-json\/wp\/v2\/pages"}],"about":[{"href":"https:\/\/www.nackagymnasium.info\/skolbibliotek\/wp-json\/wp\/v2\/types\/page"}],"author":[{"embeddable":true,"href":"https:\/\/www.nackagymnasium.info\/skolbibliotek\/wp-json\/wp\/v2\/users\/3"}],"replies":[{"embeddable":true,"href":"https:\/\/www.nackagymnasium.info\/skolbibliotek\/wp-json\/wp\/v2\/comments?post=11493"}],"version-history":[{"count":36,"href":"https:\/\/www.nackagymnasium.info\/skolbibliotek\/wp-json\/wp\/v2\/pages\/11493\/revisions"}],"predecessor-version":[{"id":12585,"href":"https:\/\/www.nackagymnasium.info\/skolbibliotek\/wp-json\/wp\/v2\/pages\/11493\/revisions\/12585"}],"up":[{"embeddable":true,"href":"https:\/\/www.nackagymnasium.info\/skolbibliotek\/wp-json\/wp\/v2\/pages\/9744"}],"wp:attachment":[{"href":"https:\/\/www.nackagymnasium.info\/skolbibliotek\/wp-json\/wp\/v2\/media?parent=11493"}],"curies":[{"name":"wp","href":"https:\/\/api.w.org\/{rel}","templated":true}]}}