{"id":11658,"date":"2020-08-26T15:38:44","date_gmt":"2020-08-26T13:38:44","guid":{"rendered":"https:\/\/www.nackagymnasium.info\/skolbibliotek\/?page_id=11658"},"modified":"2026-02-02T12:14:48","modified_gmt":"2026-02-02T11:14:48","slug":"vad-vi-gor","status":"publish","type":"page","link":"https:\/\/www.nackagymnasium.info\/skolbibliotek\/vad-vi-gor\/","title":{"rendered":"Vad vi g\u00f6r"},"content":{"rendered":"\n<ul class=\"wp-block-list\" id=\"block-ceedf7ac-a925-4135-879e-5304e705735e\">\n<li><a href=\"https:\/\/www.nackagymnasium.info\/skolbibliotek\/vad-vi-gor\/vara-koncept\/\" data-type=\"URL\" data-id=\"https:\/\/www.nackagymnasium.info\/skolbibliotek\/vara-koncept\/\"><strong>V\u00e5ra<\/strong> <strong>koncept<\/strong><\/a><\/li>\n\n\n\n<li><strong><a href=\"https:\/\/www.nackagymnasium.info\/skolbibliotek\/vad-vi-gor\/ng-laser-och-skriver\/\">NG l\u00e4ser &amp; skriver<\/a><\/strong><\/li>\n\n\n\n<li><strong><a href=\"https:\/\/www.nackagymnasium.info\/skolbibliotek\/om\/normkritik-hbtq\/\">Normkritik och HBTQ<\/a><\/strong><\/li>\n\n\n\n<li><strong><a href=\"https:\/\/www.nackagymnasium.info\/skolbibliotek\/\">Om oss<\/a><\/strong><\/li>\n<\/ul>\n\n\n\n<figure class=\"wp-block-image size-large\"><img loading=\"lazy\" decoding=\"async\" width=\"1024\" height=\"563\" src=\"https:\/\/www.nackagymnasium.info\/skolbibliotek\/wp-content\/uploads\/2020\/09\/117218050_640660239899490_542892925227623922-1024x563.jpg\" alt=\"Elisabet och Sebastian som sitter p\u00e5 huk p\u00e5 golvet i biblioteket och m\u00e4ter l\u00e4ngden av bibblans Harry Potter-b\u00f6cker med en tumstock\" class=\"wp-image-11689\" srcset=\"https:\/\/www.nackagymnasium.info\/skolbibliotek\/wp-content\/uploads\/2020\/09\/117218050_640660239899490_542892925227623922-1024x563.jpg 1024w, https:\/\/www.nackagymnasium.info\/skolbibliotek\/wp-content\/uploads\/2020\/09\/117218050_640660239899490_542892925227623922-300x165.jpg 300w, https:\/\/www.nackagymnasium.info\/skolbibliotek\/wp-content\/uploads\/2020\/09\/117218050_640660239899490_542892925227623922-768x422.jpg 768w, https:\/\/www.nackagymnasium.info\/skolbibliotek\/wp-content\/uploads\/2020\/09\/117218050_640660239899490_542892925227623922.jpg 1080w\" sizes=\"auto, (max-width: 709px) 85vw, (max-width: 909px) 67vw, (max-width: 1362px) 62vw, 840px\" \/><\/figure>\n","protected":false},"excerpt":{"rendered":"","protected":false},"author":1,"featured_media":0,"parent":0,"menu_order":0,"comment_status":"closed","ping_status":"closed","template":"","meta":{"footnotes":""},"class_list":["post-11658","page","type-page","status-publish","hentry"],"_links":{"self":[{"href":"https:\/\/www.nackagymnasium.info\/skolbibliotek\/wp-json\/wp\/v2\/pages\/11658","targetHints":{"allow":["GET"]}}],"collection":[{"href":"https:\/\/www.nackagymnasium.info\/skolbibliotek\/wp-json\/wp\/v2\/pages"}],"about":[{"href":"https:\/\/www.nackagymnasium.info\/skolbibliotek\/wp-json\/wp\/v2\/types\/page"}],"author":[{"embeddable":true,"href":"https:\/\/www.nackagymnasium.info\/skolbibliotek\/wp-json\/wp\/v2\/users\/1"}],"replies":[{"embeddable":true,"href":"https:\/\/www.nackagymnasium.info\/skolbibliotek\/wp-json\/wp\/v2\/comments?post=11658"}],"version-history":[{"count":8,"href":"https:\/\/www.nackagymnasium.info\/skolbibliotek\/wp-json\/wp\/v2\/pages\/11658\/revisions"}],"predecessor-version":[{"id":12682,"href":"https:\/\/www.nackagymnasium.info\/skolbibliotek\/wp-json\/wp\/v2\/pages\/11658\/revisions\/12682"}],"wp:attachment":[{"href":"https:\/\/www.nackagymnasium.info\/skolbibliotek\/wp-json\/wp\/v2\/media?parent=11658"}],"curies":[{"name":"wp","href":"https:\/\/api.w.org\/{rel}","templated":true}]}}