{"id":12687,"date":"2026-02-03T09:38:27","date_gmt":"2026-02-03T08:38:27","guid":{"rendered":"https:\/\/www.nackagymnasium.info\/skolbibliotek\/?page_id=12687"},"modified":"2026-04-28T10:01:47","modified_gmt":"2026-04-28T08:01:47","slug":"__trashed","status":"publish","type":"page","link":"https:\/\/www.nackagymnasium.info\/skolbibliotek\/__trashed\/","title":{"rendered":"Klassikerklubben"},"content":{"rendered":"\n<p>Torsdagen den 28:e maj klockan 14:45 tr\u00e4ffas vi i bibliotekets grupprum f\u00f6r tredje och sista g\u00e5ngen v\u00e5ren 2026. Vi pratar om novellen <em>Vadet <\/em>av Anton Tjechov och fikar. Ingen f\u00f6ranm\u00e4lan kr\u00e4vs. Bara l\u00e4s novellen och kom! Novellen finns att h\u00e4mta p\u00e5 papper i Asta Wickmans svenska \u00f6vers\u00e4ttning p\u00e5 biblioteket. Den finns ocks\u00e5 fritt tillg\u00e4nglig p\u00e5 n\u00e4tet <a href=\"https:\/\/runeberg.org\/blm\/1944\/0234.html\" target=\"_blank\" rel=\"noreferrer noopener\">h\u00e4r<\/a>. <\/p>\n\n\n\n<p>Den som f\u00f6redrar det kan ocks\u00e5 l\u00e4sa originaltexten <a href=\"https:\/\/ru.wikisource.org\/wiki\/%D0%9F%D0%B0%D1%80%D0%B8_(%D0%A7%D0%B5%D1%85%D0%BE%D0%B2)\" target=\"_blank\" rel=\"noreferrer noopener\">\u041f\u0430\u0440\u0438 <\/a>eller <a href=\"https:\/\/en.wikisource.org\/wiki\/The_Tales_of_Chekhov\/Volume_9\/The_Bet\" target=\"_blank\" rel=\"noreferrer noopener\">den engelska \u00f6vers\u00e4ttningen<\/a> eller n\u00e5gon annan \u00f6vers\u00e4ttning.<\/p>\n\n\n\n<figure class=\"wp-block-image size-full\"><a href=\"https:\/\/www.nackagymnasium.info\/skolbibliotek\/wp-content\/uploads\/2026\/04\/image.png\"><img loading=\"lazy\" decoding=\"async\" width=\"730\" height=\"966\" src=\"https:\/\/www.nackagymnasium.info\/skolbibliotek\/wp-content\/uploads\/2026\/04\/image.png\" alt=\"\" class=\"wp-image-12723\" srcset=\"https:\/\/www.nackagymnasium.info\/skolbibliotek\/wp-content\/uploads\/2026\/04\/image.png 730w, https:\/\/www.nackagymnasium.info\/skolbibliotek\/wp-content\/uploads\/2026\/04\/image-227x300.png 227w\" sizes=\"auto, (max-width: 730px) 85vw, 730px\" \/><\/a><\/figure>\n\n\n\n<p>Tjechov och Tolstoj fotograferade i Jalta 1901 av&nbsp;Petr Alekseevi\u010d Sergenko.<\/p>\n\n\n\n<p>Licens: <a href=\"https:\/\/commons.wikimedia.org\/wiki\/File:Tolstoy_and_chekhov.jpg\" target=\"_blank\" rel=\"noreferrer noopener\">Materialet \u00e4r upphovsr\u00e4ttsbefriat<\/a><\/p>\n\n\n\n<p><\/p>\n\n\n\n<p><\/p>\n\n\n\n<p><\/p>\n\n\n\n<p><strong>Tidigare tr\u00e4ffar:<\/strong><\/p>\n\n\n\n<p>2026-04-16 <em>Arvet <\/em>(1944) och <em>\u00c4nkan och papegojan<\/em> (1923) av Virginia Woolf<\/p>\n\n\n\n<p>2026-03-05: <em>Bartleby, the Scrivener<\/em> (1853) av Herman Melville<\/p>\n","protected":false},"excerpt":{"rendered":"<p>Torsdagen den 28:e maj klockan 14:45 tr\u00e4ffas vi i bibliotekets grupprum f\u00f6r tredje och sista g\u00e5ngen v\u00e5ren 2026. Vi pratar om novellen Vadet av Anton Tjechov och fikar. Ingen f\u00f6ranm\u00e4lan kr\u00e4vs. Bara l\u00e4s novellen och kom! Novellen finns att h\u00e4mta p\u00e5 papper i Asta Wickmans svenska \u00f6vers\u00e4ttning p\u00e5 biblioteket. Den finns ocks\u00e5 fritt tillg\u00e4nglig p\u00e5 &hellip; <a href=\"https:\/\/www.nackagymnasium.info\/skolbibliotek\/__trashed\/\" class=\"more-link\">Forts\u00e4tt l\u00e4sa<span class=\"screen-reader-text\"> \u201dKlassikerklubben\u201d<\/span><\/a><\/p>\n","protected":false},"author":9,"featured_media":0,"parent":0,"menu_order":0,"comment_status":"closed","ping_status":"closed","template":"","meta":{"footnotes":""},"class_list":["post-12687","page","type-page","status-publish","hentry"],"_links":{"self":[{"href":"https:\/\/www.nackagymnasium.info\/skolbibliotek\/wp-json\/wp\/v2\/pages\/12687","targetHints":{"allow":["GET"]}}],"collection":[{"href":"https:\/\/www.nackagymnasium.info\/skolbibliotek\/wp-json\/wp\/v2\/pages"}],"about":[{"href":"https:\/\/www.nackagymnasium.info\/skolbibliotek\/wp-json\/wp\/v2\/types\/page"}],"author":[{"embeddable":true,"href":"https:\/\/www.nackagymnasium.info\/skolbibliotek\/wp-json\/wp\/v2\/users\/9"}],"replies":[{"embeddable":true,"href":"https:\/\/www.nackagymnasium.info\/skolbibliotek\/wp-json\/wp\/v2\/comments?post=12687"}],"version-history":[{"count":12,"href":"https:\/\/www.nackagymnasium.info\/skolbibliotek\/wp-json\/wp\/v2\/pages\/12687\/revisions"}],"predecessor-version":[{"id":12728,"href":"https:\/\/www.nackagymnasium.info\/skolbibliotek\/wp-json\/wp\/v2\/pages\/12687\/revisions\/12728"}],"wp:attachment":[{"href":"https:\/\/www.nackagymnasium.info\/skolbibliotek\/wp-json\/wp\/v2\/media?parent=12687"}],"curies":[{"name":"wp","href":"https:\/\/api.w.org\/{rel}","templated":true}]}}