{"id":1576,"date":"2013-04-16T13:47:33","date_gmt":"2013-04-16T11:47:33","guid":{"rendered":"http:\/\/skolbibliotek.bolder.se\/?page_id=1576"},"modified":"2023-12-05T14:08:58","modified_gmt":"2023-12-05T13:08:58","slug":"upphovsratt-plagiat","status":"publish","type":"page","link":"https:\/\/www.nackagymnasium.info\/skolbibliotek\/vad-vi-gor\/upphovsratt-plagiat\/","title":{"rendered":"Upphovsr\u00e4tt och plagiat"},"content":{"rendered":"\n<h1 class=\"wp-block-heading\"><strong>Vad \u00e4r upphovsr\u00e4tt?<\/strong><\/h1>\n\n\n\n<figure class=\"wp-block-embed is-type-video is-provider-youtube wp-block-embed-youtube wp-embed-aspect-16-9 wp-has-aspect-ratio\"><div class=\"wp-block-embed__wrapper\">\n<iframe loading=\"lazy\" title=\"Introduktion till upphovsra\u0308tt  [Animated whiteboard film]\" width=\"840\" height=\"473\" src=\"https:\/\/www.youtube.com\/embed\/hz_agK8bd4Y?feature=oembed\" frameborder=\"0\" allow=\"accelerometer; autoplay; clipboard-write; encrypted-media; gyroscope; picture-in-picture\" allowfullscreen><\/iframe>\n<\/div><\/figure>\n\n\n\n<h2 class=\"wp-block-heading\"><strong>Hur undviker jag att plagiera?<\/strong><\/h2>\n\n\n\n<p>Plagiering \u00e4r en form av fusk. Du plagierar om du l\u00e5tsas att en text eller en tanke \u00e4r din egen. Det kan handla om att en kompis har skrivit din text eller att du helt enkelt kopierat in text. Plagiering kan ske medvetet, men kan ocks\u00e5 bero p\u00e5 slarv. Du redovisar helt enkelt inte dina k\u00e4llor ordentligt.<\/p>\n\n\n\n<p>Plagiering \u00e4r ett mycket allvarligt fusk som m\u00e5ste undvikas! Undvik plagiering genom att:<\/p>\n\n\n\n<p><strong>Var \u00e4rlig<br><\/strong>Om du inte \u00e4r upphovsperson &#8211; st\u00e5 f\u00f6r det!<\/p>\n\n\n\n<p><strong>H\u00e5lla koll p\u00e5 alla k\u00e4llor du anv\u00e4nder<\/strong><br>Vem s\u00e4ger vad?<br>\u00c4r det h\u00e4r skrivet av dig eller n\u00e5gon annan?<br>Var har du h\u00e4mtat informationen?<\/p>\n\n\n\n<p>Det g\u00e5r ocks\u00e5 att anv\u00e4nda sina k\u00e4llor slarvigt p\u00e5 s\u00e4tt som inte \u00e4r plagiat, men som \u00e4nd\u00e5 blir fusk. Det kan till exempel handla om att p\u00e5st\u00e5 att en k\u00e4lla s\u00e4ger n\u00e5got som inte st\u00e4mmer. Citera och referera ordentligt! Allt som st\u00e5r inom citattecken ska st\u00e4mma exakt med det som st\u00e5r i k\u00e4llan. N\u00e4r du refererar \u00e5terber\u00e4ttar du med dina egna ord, men du ska \u00e4nd\u00e5 h\u00e5lla dig till det som faktiskt st\u00e5r i k\u00e4llan. Skilj p\u00e5 dina egna tankar och det som st\u00e5r i k\u00e4llan!<\/p>\n\n\n\n<h1 class=\"wp-block-heading\"><strong>Kan jag anv\u00e4nda den h\u00e4r bilden?<\/strong><\/h1>\n\n\n\n<p>S\u00f6ker du bilder till ett skolarbete, blogg eller en presentation? T\u00e4nk p\u00e5 att m\u00e5nga bilder skyddas av <a rel=\"noopener noreferrer\" href=\"https:\/\/sv.wikipedia.org\/wiki\/Upphovsr%C3%A4tt\" target=\"_blank\"><strong>upphovsr\u00e4ttslagen<\/strong><\/a>, s\u00e5 kallad copyright. Det inneb\u00e4r att den som skapat bilden har r\u00e4tt att best\u00e4mma hur den f\u00e5r anv\u00e4ndas. Om det inte framg\u00e5r att bilden \u00e4r fri att anv\u00e4ndas, kan man generellt s\u00e4ga att man alltid ska kontakta upphovsmannen och fr\u00e5ga om man f\u00e5r anv\u00e4nda bilden.<\/p>\n\n\n\n<h2 class=\"wp-block-heading\"><strong>Creative Commons<\/strong><\/h2>\n\n\n\n<p>Ett s\u00e4tt att kontrollera om man f\u00e5r kopiera, bearbeta eller sprida en bild \u00e4r att kolla efter licenssystemet <a rel=\"noopener noreferrer\" href=\"http:\/\/www.creativecommons.se\/\" target=\"_blank\"><strong>Creative Commons<\/strong><\/a>. Med olika <strong><a rel=\"noopener noreferrer\" href=\"http:\/\/www.creativecommons.se\/om-cc\/licenserna\/\" target=\"_blank\">CC-licenser<\/a> <\/strong>f\u00e5r du p\u00e5 ett enkelt s\u00e4tt veta vad upphovsmannen till\u00e5ter att&nbsp;du g\u00f6r med bilden.<\/p>\n\n\n\n<p>I f\u00f6ljande s\u00f6kmotorer har du m\u00f6jlighet att begr\u00e4nsa till bilder som g\u00e5r under licensen Creative Commons:<\/p>\n\n\n\n<ul class=\"wp-block-list\"><li><strong><a rel=\"noopener noreferrer\" href=\"http:\/\/commons.wikimedia.org\/wiki\/Main_Page\" target=\"_blank\">Wikipedia Commons<\/a><\/strong><\/li><li><strong><span style=\"color: #3366ff;\"><a rel=\"noopener noreferrer\" href=\"http:\/\/www.flickr.com\/\" target=\"_blank\">Flickr<\/a><\/span><\/strong><span style=\"color: #3366ff;\">&nbsp;<span style=\"color: #000000;\">(under &#8221;Advanced search&#8221;, v\u00e4lj CC-licens)<\/span><\/span><\/li><li><strong><span style=\"color: #3366ff;\"><a rel=\"noopener noreferrer\" href=\"http:\/\/compfight.com\/\" target=\"_blank\">Compfight<\/a><\/span><span style=\"color: #000000;\"><\/span><\/strong><\/li><li><strong><a rel=\"noopener noreferrer\" href=\"http:\/\/search.creativecommons.org\/?lang=sv\" target=\"_blank\">CC S\u00f6k<\/a><\/strong><\/li><li><strong><a rel=\"noopener noreferrer\" href=\"https:\/\/pixabay.com\/\" target=\"_blank\">Pixabay<\/a><\/strong><\/li><\/ul>\n\n\n\n<p>Om du vill anv\u00e4nda en bild&nbsp;med CC-licens&nbsp;rekommenderar vi att du under bilden&nbsp;anger upphovsman, vilken CC-licens som g\u00e4ller samt l\u00e4nkar till informationen till k\u00e4llan d\u00e4r du hittade bilden.<\/p>\n","protected":false},"excerpt":{"rendered":"<p>Vad \u00e4r upphovsr\u00e4tt? Hur undviker jag att plagiera? Plagiering \u00e4r en form av fusk. Du plagierar om du l\u00e5tsas att en text eller en tanke \u00e4r din egen. Det kan handla om att en kompis har skrivit din text eller att du helt enkelt kopierat in text. Plagiering kan ske medvetet, men kan ocks\u00e5 bero &hellip; <a href=\"https:\/\/www.nackagymnasium.info\/skolbibliotek\/vad-vi-gor\/upphovsratt-plagiat\/\" class=\"more-link\">Forts\u00e4tt l\u00e4sa<span class=\"screen-reader-text\"> \u201dUpphovsr\u00e4tt och plagiat\u201d<\/span><\/a><\/p>\n","protected":false},"author":1,"featured_media":0,"parent":11658,"menu_order":19,"comment_status":"open","ping_status":"open","template":"","meta":{"footnotes":""},"class_list":["post-1576","page","type-page","status-publish","hentry"],"_links":{"self":[{"href":"https:\/\/www.nackagymnasium.info\/skolbibliotek\/wp-json\/wp\/v2\/pages\/1576","targetHints":{"allow":["GET"]}}],"collection":[{"href":"https:\/\/www.nackagymnasium.info\/skolbibliotek\/wp-json\/wp\/v2\/pages"}],"about":[{"href":"https:\/\/www.nackagymnasium.info\/skolbibliotek\/wp-json\/wp\/v2\/types\/page"}],"author":[{"embeddable":true,"href":"https:\/\/www.nackagymnasium.info\/skolbibliotek\/wp-json\/wp\/v2\/users\/1"}],"replies":[{"embeddable":true,"href":"https:\/\/www.nackagymnasium.info\/skolbibliotek\/wp-json\/wp\/v2\/comments?post=1576"}],"version-history":[{"count":14,"href":"https:\/\/www.nackagymnasium.info\/skolbibliotek\/wp-json\/wp\/v2\/pages\/1576\/revisions"}],"predecessor-version":[{"id":12321,"href":"https:\/\/www.nackagymnasium.info\/skolbibliotek\/wp-json\/wp\/v2\/pages\/1576\/revisions\/12321"}],"up":[{"embeddable":true,"href":"https:\/\/www.nackagymnasium.info\/skolbibliotek\/wp-json\/wp\/v2\/pages\/11658"}],"wp:attachment":[{"href":"https:\/\/www.nackagymnasium.info\/skolbibliotek\/wp-json\/wp\/v2\/media?parent=1576"}],"curies":[{"name":"wp","href":"https:\/\/api.w.org\/{rel}","templated":true}]}}