{"id":7475,"date":"2016-02-19T08:15:31","date_gmt":"2016-02-19T07:15:31","guid":{"rendered":"http:\/\/skolbibliotek.nackagymnasium.info\/?page_id=7475"},"modified":"2024-01-05T09:00:55","modified_gmt":"2024-01-05T08:00:55","slug":"sprakintro","status":"publish","type":"page","link":"https:\/\/www.nackagymnasium.info\/skolbibliotek\/sprakintro\/","title":{"rendered":"Spr\u00e5kintro"},"content":{"rendered":"\n<p>Har du svenska som andraspr\u00e5k? D\u00e5 hj\u00e4lper vi dig att hitta b\u00f6cker och information p\u00e5 r\u00e4tt niv\u00e5!<\/p>\n\n\n\n<h1 class=\"wp-block-heading\"><strong>B\u00f6cker<\/strong><\/h1>\n\n\n\n<p>I biblioteket finns hyllan &#8221;L\u00e4ttl\u00e4st och m\u00e5ngspr\u00e5k&#8221;. D\u00e4r hittar du:<\/p>\n\n\n\n<ul class=\"wp-block-list\">\n<li>l\u00e4ttl\u00e4sta b\u00f6cker p\u00e5 olika niv\u00e5er<\/li>\n\n\n\n<li>l\u00e4ttl\u00e4sta faktab\u00f6cker<\/li>\n\n\n\n<li>sk\u00f6nlitteratur p\u00e5 arabiska, dari, persiska, ryska, somaliska, tigrinja och ukrainska.<\/li>\n\n\n\n<li>svensk grammatik, f\u00f6rklarad p\u00e5 andra spr\u00e5k \u00e4n svenska<\/li>\n\n\n\n<li>ordb\u00f6cker och lexikon.<\/li>\n<\/ul>\n\n\n\n<p>Alla b\u00f6cker \u00e4r gratis att l\u00e5na, men du beh\u00f6ver ett l\u00e5nekort. Det f\u00e5r du av oss p\u00e5 biblioteket.<\/p>\n\n\n\n<figure class=\"wp-block-image\"><img loading=\"lazy\" decoding=\"async\" width=\"1024\" height=\"568\" src=\"https:\/\/www.nackagymnasium.info\/skolbibliotek\/wp-content\/uploads\/2020\/01\/lattlast-1024x568.jpg\" alt=\"L\u00e4ttl\u00e4sthyllan i biblioteket, med bokryggar och en knubb d\u00e4r det st\u00e5r &quot;L\u00e4ttl\u00e4st - K\u00e4rlek&quot;\" class=\"wp-image-11291\" srcset=\"https:\/\/www.nackagymnasium.info\/skolbibliotek\/wp-content\/uploads\/2020\/01\/lattlast-1024x568.jpg 1024w, https:\/\/www.nackagymnasium.info\/skolbibliotek\/wp-content\/uploads\/2020\/01\/lattlast-300x166.jpg 300w, https:\/\/www.nackagymnasium.info\/skolbibliotek\/wp-content\/uploads\/2020\/01\/lattlast-768x426.jpg 768w, https:\/\/www.nackagymnasium.info\/skolbibliotek\/wp-content\/uploads\/2020\/01\/lattlast-1536x852.jpg 1536w, https:\/\/www.nackagymnasium.info\/skolbibliotek\/wp-content\/uploads\/2020\/01\/lattlast-2048x1136.jpg 2048w, https:\/\/www.nackagymnasium.info\/skolbibliotek\/wp-content\/uploads\/2020\/01\/lattlast-1200x666.jpg 1200w\" sizes=\"auto, (max-width: 709px) 85vw, (max-width: 909px) 67vw, (max-width: 1362px) 62vw, 840px\" \/><\/figure>\n\n\n\n<h1 class=\"wp-block-heading\"><strong>Utveckla ditt modersm\u00e5l!<\/strong><\/h1>\n\n\n\n<p>Att l\u00e4ra sig svenska \u00e4r viktigt, men ocks\u00e5 att l\u00e4sa p\u00e5 sitt modersm\u00e5l. D\u00e4rf\u00f6r har vi b\u00f6cker p\u00e5 arabiska, dari, persiska, ryska, somaliska, tigrinja och ukrainska.<\/p>\n\n\n\n<p>Vill du l\u00e4sa b\u00f6cker p\u00e5 n\u00e5got annat spr\u00e5k? D\u00e5 hj\u00e4lper vi dig att hitta ett bibliotek som har b\u00f6cker p\u00e5 ditt spr\u00e5k!<\/p>\n\n\n\n<p>Har vi b\u00f6cker p\u00e5 ditt spr\u00e5k, men inte den bok du vill l\u00e4sa? D\u00e5 kan vi k\u00f6pa boken, eller hj\u00e4lpa dig att hitta den p\u00e5 n\u00e5got annat bibliotek.<\/p>\n\n\n\n<figure class=\"wp-block-image size-large\"><img loading=\"lazy\" decoding=\"async\" width=\"1000\" height=\"728\" src=\"https:\/\/www.nackagymnasium.info\/skolbibliotek\/wp-content\/uploads\/2020\/01\/modersmal_web.jpg\" alt=\"Bild fr\u00e5n m\u00e5ngspr\u00e5kshyllan i biblioteket, h\u00e4r med b\u00f6cker p\u00e5 arabiska\" class=\"wp-image-11289\" srcset=\"https:\/\/www.nackagymnasium.info\/skolbibliotek\/wp-content\/uploads\/2020\/01\/modersmal_web.jpg 1000w, https:\/\/www.nackagymnasium.info\/skolbibliotek\/wp-content\/uploads\/2020\/01\/modersmal_web-300x218.jpg 300w, https:\/\/www.nackagymnasium.info\/skolbibliotek\/wp-content\/uploads\/2020\/01\/modersmal_web-768x559.jpg 768w\" sizes=\"auto, (max-width: 709px) 85vw, (max-width: 909px) 67vw, (max-width: 1362px) 62vw, 840px\" \/><\/figure>\n\n\n\n<h1 class=\"wp-block-heading\"><strong>Lyssna p\u00e5 b\u00f6cker<\/strong><\/h1>\n\n\n\n<p class=\"ingress\">Du kan lyssna p\u00e5 l\u00e4ttl\u00e4sta b\u00f6cker och l\u00e4rob\u00f6cker via <strong><a href=\"https:\/\/www.inlasningstjanst.se\/\">Inl\u00e4sningstj\u00e4nst<\/a><\/strong>. Det \u00e4r gratis, men du beh\u00f6ver en personlig inloggning som du f\u00e5r av din l\u00e4rare.<\/p>\n\n\n\n<p class=\"ingress\">Talar du arabiska, somaliska, dari\/persiska eller tigrinja? D\u00e5 kan du anv\u00e4nda <em>Studiest\u00f6d p\u00e5 modersm\u00e5l, <\/em>som hj\u00e4lper dig att f\u00f6rst\u00e5 dina svenska l\u00e4rob\u00f6cker.<br><br>H\u00e4r kan du se en film om S<em>tudiest\u00f6d p\u00e5 modersm\u00e5l:<\/em><\/p>\n\n\n\n<figure class=\"wp-block-embed is-type-video is-provider-youtube wp-block-embed-youtube wp-embed-aspect-16-9 wp-has-aspect-ratio\"><div class=\"wp-block-embed__wrapper\">\n<iframe loading=\"lazy\" title=\"Studiest\u00f6d p\u00e5 modersm\u00e5l\" width=\"840\" height=\"473\" src=\"https:\/\/www.youtube.com\/embed\/lof8Mvh-bd8?feature=oembed\" frameborder=\"0\" allow=\"accelerometer; autoplay; clipboard-write; encrypted-media; gyroscope; picture-in-picture; web-share\" allowfullscreen><\/iframe>\n<\/div><\/figure>\n\n\n\n<h1 class=\"wp-block-heading\"><strong>Nyheter<\/strong><\/h1>\n\n\n\n<p><a rel=\"noopener noreferrer\" href=\"http:\/\/8sidor.se\/\" target=\"_blank\"><strong>8 sidor<\/strong><br><\/a>L\u00e4ttl\u00e4sta nyheter p\u00e5 webben. Vill du hellre titta i papperstidningen? D\u00e5 hittar du den i biblioteket.<\/p>\n\n\n\n<p><strong><a href=\"https:\/\/www.svt.se\/se-program\/\" target=\"_blank\" rel=\"noopener noreferrer\">SVT Nyheter p\u00e5 l\u00e4tt svenska<\/a><\/strong><\/p>\n\n\n\n<p><strong><a href=\"http:\/\/sverigesradio.se\/sida\/default.aspx?programid=4916\" target=\"_blank\" rel=\"noopener noreferrer\">Radio Sweden<br><\/a><\/strong>Nyheter p\u00e5 svenska och andra spr\u00e5k \u00e4n svenska.<\/p>\n\n\n\n<h1 class=\"wp-block-heading\"><strong>Nationalencyklopedin<\/strong><\/h1>\n\n\n\n<p>Nationalencyklopedin (NE) \u00e4r ett uppslagsverk p\u00e5 n\u00e4tet, som \u00e4r bra att anv\u00e4nda till dina skoluppgifter. Ofta finns det b\u00e5de en l\u00e4tt text och en l\u00e4ngre text.<\/p>\n\n\n\n<p>L\u00e4nken till Nationalencyklopedin finns p\u00e5 Schoolsoft. Fr\u00e5ga oss p\u00e5 biblioteket om du vill ha hj\u00e4lp att s\u00f6ka i Nationalencyklopedin!<\/p>\n\n\n\n<figure class=\"wp-block-embed is-type-video is-provider-youtube wp-block-embed-youtube wp-embed-aspect-4-3 wp-has-aspect-ratio wp-embed-aspect-16-9\"><div class=\"wp-block-embed__wrapper\">\n<iframe loading=\"lazy\" title=\"Miyay ku soo mareen wax baqdin badan ku galiyey?\" width=\"840\" height=\"473\" src=\"https:\/\/www.youtube.com\/embed\/LXPpmCE_dtM?list=PLK-bQT11E8GDFcuA17n_i3LkVWwF12aa1\" frameborder=\"0\" allow=\"accelerometer; autoplay; clipboard-write; encrypted-media; gyroscope; picture-in-picture; web-share\" allowfullscreen><\/iframe>\n<\/div><\/figure>\n\n\n\n<h1 class=\"wp-block-heading\"><strong>L\u00e4nkar<\/strong><\/h1>\n\n\n\n<p><strong><a rel=\"noopener noreferrer\" href=\"http:\/\/lexikon.nada.kth.se\/lexin\/\" target=\"_blank\">Lexin<\/a><\/strong><br>Lexikon p\u00e5 femton minoritetsspr\u00e5k.<\/p>\n\n\n\n<p><strong><a href=\"https:\/\/www.varldensbibliotek.se\/\" target=\"_blank\" rel=\"noreferrer noopener\">V\u00e4rldens bibliotek<\/a><\/strong><br>E-b\u00f6cker och str\u00f6mmande ljudb\u00f6cker p\u00e5 flera olika spr\u00e5k, till exempel arabiska, kurdiska, persiska, somaliska, tigrinska och turkiska.<\/p>\n\n\n\n<p><strong><a href=\"http:\/\/www.youmo.se\/sv\/Sprakvaljarsida\/\" target=\"_blank\" rel=\"noreferrer noopener\">Youmo<\/a><\/strong><br>Information om kropp och k\u00e4nslor p\u00e5 arabiska, engelska, persiska, somaliska, svenska och tigrinja.<\/p>\n\n\n\n<p><strong><a href=\"https:\/\/www.informationsverige.se\/sv\" target=\"_blank\" rel=\"noreferrer noopener\">Information om Sverige<\/a><\/strong><br>Information om det svenska samh\u00e4llet: bostad, arbete, v\u00e5rd och mycket annat.<\/p>\n\n\n\n<p>Uppdaterad 2024-01-05<\/p>\n","protected":false},"excerpt":{"rendered":"<p>Har du svenska som andraspr\u00e5k? D\u00e5 hj\u00e4lper vi dig att hitta b\u00f6cker och information p\u00e5 r\u00e4tt niv\u00e5! B\u00f6cker I biblioteket finns hyllan &#8221;L\u00e4ttl\u00e4st och m\u00e5ngspr\u00e5k&#8221;. D\u00e4r hittar du: Alla b\u00f6cker \u00e4r gratis att l\u00e5na, men du beh\u00f6ver ett l\u00e5nekort. Det f\u00e5r du av oss p\u00e5 biblioteket. Utveckla ditt modersm\u00e5l! Att l\u00e4ra sig svenska \u00e4r viktigt, &hellip; <a href=\"https:\/\/www.nackagymnasium.info\/skolbibliotek\/sprakintro\/\" class=\"more-link\">Forts\u00e4tt l\u00e4sa<span class=\"screen-reader-text\"> \u201dSpr\u00e5kintro\u201d<\/span><\/a><\/p>\n","protected":false},"author":1,"featured_media":0,"parent":0,"menu_order":4,"comment_status":"open","ping_status":"open","template":"","meta":{"footnotes":""},"class_list":["post-7475","page","type-page","status-publish","hentry"],"_links":{"self":[{"href":"https:\/\/www.nackagymnasium.info\/skolbibliotek\/wp-json\/wp\/v2\/pages\/7475","targetHints":{"allow":["GET"]}}],"collection":[{"href":"https:\/\/www.nackagymnasium.info\/skolbibliotek\/wp-json\/wp\/v2\/pages"}],"about":[{"href":"https:\/\/www.nackagymnasium.info\/skolbibliotek\/wp-json\/wp\/v2\/types\/page"}],"author":[{"embeddable":true,"href":"https:\/\/www.nackagymnasium.info\/skolbibliotek\/wp-json\/wp\/v2\/users\/1"}],"replies":[{"embeddable":true,"href":"https:\/\/www.nackagymnasium.info\/skolbibliotek\/wp-json\/wp\/v2\/comments?post=7475"}],"version-history":[{"count":44,"href":"https:\/\/www.nackagymnasium.info\/skolbibliotek\/wp-json\/wp\/v2\/pages\/7475\/revisions"}],"predecessor-version":[{"id":12499,"href":"https:\/\/www.nackagymnasium.info\/skolbibliotek\/wp-json\/wp\/v2\/pages\/7475\/revisions\/12499"}],"wp:attachment":[{"href":"https:\/\/www.nackagymnasium.info\/skolbibliotek\/wp-json\/wp\/v2\/media?parent=7475"}],"curies":[{"name":"wp","href":"https:\/\/api.w.org\/{rel}","templated":true}]}}