{"id":9723,"date":"2017-05-23T13:47:40","date_gmt":"2017-05-23T11:47:40","guid":{"rendered":"http:\/\/www.nackagymnasium.info\/skolbibliotek\/?page_id=9723"},"modified":"2024-10-07T14:46:24","modified_gmt":"2024-10-07T12:46:24","slug":"vetenskapligt-skrivande","status":"publish","type":"page","link":"https:\/\/www.nackagymnasium.info\/skolbibliotek\/hitta-kallor\/vetenskapligt-skrivande\/","title":{"rendered":"Vetenskapligt skrivande"},"content":{"rendered":"\n<p><span class=\"huvud\"><span class=\"uppslag\">Nationalencyklopedin (NE) definierar vetenskap s\u00e5 h\u00e4r:<\/span>&nbsp;<\/span><\/p>\n\n\n\n<blockquote class=\"wp-block-quote is-layout-flow wp-block-quote-is-layout-flow\">\n<p><span class=\"def\">organiserad kunskap; som verksamhet ett systematiskt och metodiskt inh\u00e4mtande av kunskap inom ett visst omr\u00e5de.&nbsp;<\/span>Detta kan ske genom att man samlar in och klassificerar data, g\u00f6r observationer och experiment eller tolkar och analyserar tillg\u00e4ngligt material (t.ex. dokument, f\u00f6rem\u00e5l) f\u00f6r att sedan kunna dra generella slutsatser och formulera resultat.<\/p>\n<\/blockquote>\n\n\n\n<p>Information \u00e4r vetenskaplig n\u00e4r den bygger p\u00e5 forskning. Vetenskaplig information kan presenteras av forskare i olika former, t ex artiklar i vetenskapliga tidskrifter, rapporter, uppsatser och avhandlingar.<br>Vetenskaplig information kan ocks\u00e5 presenteras i andrahandsk\u00e4llor, till exempel i popul\u00e4rvetenskapliga artiklar skrivna av journalister.<\/p>\n\n\n\n<h1 class=\"wp-block-heading\" id=\"att-skriva-en-vetenskaplig-uppsats\"><strong>Att skriva en vetenskaplig uppsats<\/strong><\/h1>\n\n\n\n<p>Vetenskapliga uppsatser ska se ut p\u00e5 ett visst s\u00e4tt, men det kan variera &#8211; det finns olika strukturer, referenssystem med mera. Olika handledare och l\u00e4rare kan ge olika instruktioner, men du kan ocks\u00e5 fr\u00e5ga oss i biblioteket om hj\u00e4lp med att referera, citera och skriva k\u00e4llf\u00f6rteckningar.<\/p>\n\n\n\n<p>Vill du veta mer om vetenskapligt skrivande? D\u00e5&nbsp;rekommenderar vi de h\u00e4r l\u00e4nkarna:<\/p>\n\n\n\n<ul class=\"wp-block-list\">\n<li><a rel=\"noopener noreferrer\" href=\"http:\/\/skrivguiden.se\/\" target=\"_blank\"><strong>Skrivguiden<\/strong><\/a> (ett samarbete mellan olika universitetsbibliotek)<\/li>\n\n\n\n<li><a href=\"https:\/\/www.umu.se\/bibliotek\/soka-skriva-studera\/skriva-referenser\/\" target=\"_blank\" rel=\"noreferrer noopener\"><strong>Skriva referenser<\/strong><\/a>\u00a0(Ume\u00e5 universitetsbibliotek)<\/li>\n\n\n\n<li><a href=\"https:\/\/www.hb.se\/biblioteket\/skriva-och-referera\/referera-till-kallor\/\" data-type=\"URL\" data-id=\"https:\/\/www.hb.se\/biblioteket\/akademiskt-sprak\/referera-till-kallor\/\" target=\"_blank\" rel=\"noreferrer noopener\"><strong>Referera till k\u00e4llor<\/strong><\/a>&nbsp;(Biblioteket vid H\u00f6gskolan i Bor\u00e5s)<\/li>\n<\/ul>\n\n\n\n<h2 class=\"wp-block-heading\" id=\"studiehandbok\"><strong>Studiehandb\u00f6cker<\/strong><\/h2>\n\n\n\n<p>Det finns tv\u00e5 studiehandb\u00f6cker som l\u00e4rare p\u00e5 NG har sammanst\u00e4llt. Samh\u00e4llskunskapsl\u00e4rarna har skrivit <a rel=\"noreferrer noopener\" href=\"https:\/\/www.nackagymnasium.info\/skolbibliotek\/wp-content\/uploads\/2022\/03\/STUDIEHANDBOK-RAPPORTSKRIVNING.pdf\" target=\"_blank\"><em>Studiehandbok. Rapportskrivning i samh\u00e4llskunskap<\/em> <\/a>och l\u00e4rarna p\u00e5 SB-programmet har skrivit <em><a rel=\"noreferrer noopener\" href=\"https:\/\/www.nackagymnasium.info\/skolbibliotek\/wp-content\/uploads\/2020\/11\/Vetenskapsteori-och-metod-Kompendium-SB-2020-2021.pdf\" target=\"_blank\">Vetenskapsteori och metod. En studiehandbok<\/a><\/em>. V\u00e4lkomna att ladda ner handb\u00f6ckerna eller att komma till biblioteket och bl\u00e4ddra i dem.<\/p>\n\n\n\n<div class=\"wp-block-columns is-layout-flex wp-container-core-columns-is-layout-9d6595d7 wp-block-columns-is-layout-flex\">\n<div class=\"wp-block-column is-layout-flow wp-block-column-is-layout-flow\">\n<figure class=\"wp-block-image is-resized\"><a href=\"https:\/\/www.nackagymnasium.info\/skolbibliotek\/wp-content\/uploads\/2022\/03\/STUDIEHANDBOK-RAPPORTSKRIVNING.pdf\"><img loading=\"lazy\" decoding=\"async\" width=\"724\" height=\"1024\" src=\"https:\/\/www.nackagymnasium.info\/skolbibliotek\/wp-content\/uploads\/2022\/03\/rapport-med-ram-724x1024.jpg\" alt=\"\" class=\"wp-image-12225\" style=\"width:279px;height:393px\" srcset=\"https:\/\/www.nackagymnasium.info\/skolbibliotek\/wp-content\/uploads\/2022\/03\/rapport-med-ram-724x1024.jpg 724w, https:\/\/www.nackagymnasium.info\/skolbibliotek\/wp-content\/uploads\/2022\/03\/rapport-med-ram-212x300.jpg 212w, https:\/\/www.nackagymnasium.info\/skolbibliotek\/wp-content\/uploads\/2022\/03\/rapport-med-ram-768x1086.jpg 768w, https:\/\/www.nackagymnasium.info\/skolbibliotek\/wp-content\/uploads\/2022\/03\/rapport-med-ram-1086x1536.jpg 1086w, https:\/\/www.nackagymnasium.info\/skolbibliotek\/wp-content\/uploads\/2022\/03\/rapport-med-ram-1200x1697.jpg 1200w, https:\/\/www.nackagymnasium.info\/skolbibliotek\/wp-content\/uploads\/2022\/03\/rapport-med-ram.jpg 1240w\" sizes=\"auto, (max-width: 724px) 85vw, 724px\" \/><\/a><\/figure>\n<\/div>\n\n\n\n<div class=\"wp-block-column is-layout-flow wp-block-column-is-layout-flow\">\n<figure class=\"wp-block-image is-resized\"><a href=\"https:\/\/www.nackagymnasium.info\/skolbibliotek\/wp-content\/uploads\/2020\/11\/Vetenskapsteori-och-metod-Kompendium-SB-2020-2021.pdf\"><img loading=\"lazy\" decoding=\"async\" src=\"https:\/\/www.nackagymnasium.info\/skolbibliotek\/wp-content\/uploads\/2020\/11\/vetenskapsteori-1.png\" alt=\"Bild p\u00e5 framsidan till studiehandboken\" class=\"wp-image-11751\" width=\"282\" height=\"399\" srcset=\"https:\/\/www.nackagymnasium.info\/skolbibliotek\/wp-content\/uploads\/2020\/11\/vetenskapsteori-1.png 363w, https:\/\/www.nackagymnasium.info\/skolbibliotek\/wp-content\/uploads\/2020\/11\/vetenskapsteori-1-212x300.png 212w\" sizes=\"auto, (max-width: 282px) 85vw, 282px\" \/><\/a><\/figure>\n<\/div>\n<\/div>\n\n\n\n<div class=\"wp-block-group\"><div class=\"wp-block-group__inner-container is-layout-constrained wp-block-group-is-layout-constrained\">\n<div class=\"wp-block-columns is-layout-flex wp-container-core-columns-is-layout-9d6595d7 wp-block-columns-is-layout-flex\">\n<div class=\"wp-block-column is-layout-flow wp-block-column-is-layout-flow\" style=\"flex-basis:100%\">\n<div class=\"wp-block-group\"><div class=\"wp-block-group__inner-container is-layout-flow wp-block-group-is-layout-flow\"><\/div><\/div>\n<\/div>\n<\/div>\n<\/div><\/div>\n\n\n\n<div class=\"wp-block-group\"><div class=\"wp-block-group__inner-container is-layout-flow wp-block-group-is-layout-flow\"><\/div><\/div>\n\n\n\n<h2 class=\"wp-block-heading\"><strong>Vetenskapligt material<\/strong><\/h2>\n\n\n\n<p><a rel=\"noopener noreferrer\" href=\"http:\/\/ic.galegroup.com\/ic\/scic\/?p=SCIC&amp;u=nacka\" target=\"_blank\"><strong>Science in Context<\/strong><\/a><br>En naturvetenskaplig databas p\u00e5 engelska.<\/p>\n\n\n\n<p><a rel=\"noopener noreferrer\" href=\"http:\/\/find.galegroup.com\/gic\/start.do?prodId=GIC&amp;userGroupName=nacka\" target=\"_blank\"><strong>Global Issues In Context<\/strong><\/a><br>En samh\u00e4llsvetenskaplig databas p\u00e5 engelska.<\/p>\n\n\n\n<p><a rel=\"noopener noreferrer\" href=\"http:\/\/www.diva-portal.org\/smash\/search.jsf\" target=\"_blank\"><strong>DiVA<\/strong><\/a><span class=\"apple-converted-space\"><br><\/span>Ett digitalt arkiv \u00f6ver svenska forskningspublikationer och studentuppsatser. Materialet finns ofta fritt tillg\u00e4ngligt i fulltext.<\/p>\n\n\n\n<p><a rel=\"noopener noreferrer\" href=\"http:\/\/swepub.kb.se\/?language=se\" target=\"_blank\"><strong>SwePub<\/strong><\/a><span class=\"apple-converted-space\"><br><\/span>En databas som samlas vetenskaplig publicering vid svenska l\u00e4ros\u00e4ten. Materialet finns ofta fritt tillg\u00e4ngligt i fulltext.<\/p>\n\n\n\n<p><a rel=\"noopener noreferrer\" href=\"http:\/\/www.forskning.se\/\" target=\"_blank\"><strong>forskning.se<\/strong><\/a><span class=\"apple-converted-space\"><br><\/span>En nationell webbplats med artiklar om aktuell forskning inom olika \u00e4mnen.<\/p>\n\n\n\n<p><a rel=\"noopener noreferrer\" href=\"http:\/\/www.sbu.se\/sv\/\" target=\"_blank\"><strong>SBU<\/strong><\/a><span class=\"apple-converted-space\"><br><\/span>Statens&nbsp;beredning f\u00f6r medicinsk och&nbsp;social utv\u00e4rdering. H\u00e4r hittar du rapporter om h\u00e4lso- och sjukv\u00e5rd, till exempel utv\u00e4rderingar av vilka effekter olika metoder har.<\/p>\n\n\n\n<p><a rel=\"noopener noreferrer\" href=\"http:\/\/journals.plos.org\/plosone\/\" target=\"_blank\"><strong>PLoS One<\/strong><br><\/a>Forskning inom naturvetenskap och medicin.<\/p>\n\n\n\n<p><a rel=\"noopener noreferrer\" href=\"http:\/\/scholar.google.se\/\" target=\"_blank\"><strong>Google Scholar<\/strong><br><\/a>En tj\u00e4nst fr\u00e5n Google d\u00e4r du&nbsp;kan s\u00f6ka efter vetenskapliga publikationer och tidskrifter.<\/p>\n\n\n\n<p><strong><a href=\"https:\/\/link.springer.com\/\">Springer Link<\/a><\/strong><br>En sida som samlar tidskrifter, e-b\u00f6cker och annat vetenskapligt material fr\u00e5n olika \u00e4mnesomr\u00e5den, varav en hel del finns tillg\u00e4ngligt i fulltext.<\/p>\n\n\n\n<p><strong><a href=\"https:\/\/www.researchgate.net\/\">Research gate<\/a><\/strong><br>En sida f\u00f6r att hitta och dela med sig av forskning. En del material finns i fulltext, annat inte.<\/p>\n\n\n\n<p><strong><a href=\"https:\/\/arxiv.org\/\">Arxiv<\/a><br><\/strong>Akademiska open access-artiklar inom \u00e4mnen som fysik, matematik, datavetenskap, biologi, ekonomi och teknik. <\/p>\n","protected":false},"excerpt":{"rendered":"<p>Nationalencyklopedin (NE) definierar vetenskap s\u00e5 h\u00e4r:&nbsp; organiserad kunskap; som verksamhet ett systematiskt och metodiskt inh\u00e4mtande av kunskap inom ett visst omr\u00e5de.&nbsp;Detta kan ske genom att man samlar in och klassificerar data, g\u00f6r observationer och experiment eller tolkar och analyserar tillg\u00e4ngligt material (t.ex. dokument, f\u00f6rem\u00e5l) f\u00f6r att sedan kunna dra generella slutsatser och formulera resultat. Information &hellip; <a href=\"https:\/\/www.nackagymnasium.info\/skolbibliotek\/hitta-kallor\/vetenskapligt-skrivande\/\" class=\"more-link\">Forts\u00e4tt l\u00e4sa<span class=\"screen-reader-text\"> \u201dVetenskapligt skrivande\u201d<\/span><\/a><\/p>\n","protected":false},"author":1,"featured_media":0,"parent":9744,"menu_order":0,"comment_status":"closed","ping_status":"closed","template":"","meta":{"footnotes":""},"class_list":["post-9723","page","type-page","status-publish","hentry"],"_links":{"self":[{"href":"https:\/\/www.nackagymnasium.info\/skolbibliotek\/wp-json\/wp\/v2\/pages\/9723","targetHints":{"allow":["GET"]}}],"collection":[{"href":"https:\/\/www.nackagymnasium.info\/skolbibliotek\/wp-json\/wp\/v2\/pages"}],"about":[{"href":"https:\/\/www.nackagymnasium.info\/skolbibliotek\/wp-json\/wp\/v2\/types\/page"}],"author":[{"embeddable":true,"href":"https:\/\/www.nackagymnasium.info\/skolbibliotek\/wp-json\/wp\/v2\/users\/1"}],"replies":[{"embeddable":true,"href":"https:\/\/www.nackagymnasium.info\/skolbibliotek\/wp-json\/wp\/v2\/comments?post=9723"}],"version-history":[{"count":39,"href":"https:\/\/www.nackagymnasium.info\/skolbibliotek\/wp-json\/wp\/v2\/pages\/9723\/revisions"}],"predecessor-version":[{"id":12594,"href":"https:\/\/www.nackagymnasium.info\/skolbibliotek\/wp-json\/wp\/v2\/pages\/9723\/revisions\/12594"}],"up":[{"embeddable":true,"href":"https:\/\/www.nackagymnasium.info\/skolbibliotek\/wp-json\/wp\/v2\/pages\/9744"}],"wp:attachment":[{"href":"https:\/\/www.nackagymnasium.info\/skolbibliotek\/wp-json\/wp\/v2\/media?parent=9723"}],"curies":[{"name":"wp","href":"https:\/\/api.w.org\/{rel}","templated":true}]}}