{"id":9794,"date":"2017-06-01T16:17:17","date_gmt":"2017-06-01T14:17:17","guid":{"rendered":"http:\/\/www.nackagymnasium.info\/skolbibliotek\/?page_id=9794"},"modified":"2024-01-05T10:18:30","modified_gmt":"2024-01-05T09:18:30","slug":"kallkritik","status":"publish","type":"page","link":"https:\/\/www.nackagymnasium.info\/skolbibliotek\/vad-vi-gor\/kallkritik\/","title":{"rendered":"K\u00e4llkritik, k\u00e4lltillit och s\u00f6kkritik"},"content":{"rendered":"\n<h1 class=\"wp-block-heading\"><strong>K\u00e4llkritik<\/strong><\/h1>\n\n\n\n<p>Att kritiskt kunna granska och v\u00e4rdera information \u00e4r en f\u00f6ruts\u00e4ttning f\u00f6r att du ska klara dina studier, men ocks\u00e5 f\u00f6r att hantera det informationsfl\u00f6de som du m\u00f6ter utanf\u00f6r skolan.<\/p>\n\n\n\n<p>Det b\u00e4sta s\u00e4ttet att uppt\u00e4cka felaktig och vinklad information \u00e4r att anv\u00e4nda flera oberoende k\u00e4llor och j\u00e4mf\u00f6ra med varandra. Du kan ocks\u00e5 ta hj\u00e4lp av <a rel=\"noopener noreferrer\" href=\"https:\/\/www.skolverket.se\/download\/18.6bfaca41169863e6a65d1f2\/1553967871709\/pdf3925.pdf\" target=\"_blank\"><strong>Skolverkets checklista<\/strong><\/a> med k\u00e4llkritiska fr\u00e5gor:<\/p>\n\n\n\n<h2 class=\"wp-block-heading\"><strong>Vem st\u00e5r bakom informationen?<\/strong><\/h2>\n\n\n\n<ul class=\"wp-block-list\">\n<li>\u00c4r det en myndighet? \u00c4r det en organisation?<\/li>\n\n\n\n<li>\u00c4r det ett f\u00f6retag? \u00c4r det en privatperson?<\/li>\n\n\n\n<li>\u00c4r det n\u00e5gon som kan \u00e4mnet?<\/li>\n\n\n\n<li>\u00c4r det n\u00e5gon du litar p\u00e5?<\/li>\n<\/ul>\n\n\n\n<h2 class=\"wp-block-heading\"><strong>Varf\u00f6r \u00e4r webbsidan gjord?<\/strong><\/h2>\n\n\n\n<ul class=\"wp-block-list\">\n<li>F\u00f6r att informera om n\u00e5got? F\u00f6r att luras?<\/li>\n\n\n\n<li>F\u00f6r att sprida en \u00e5sikt?<\/li>\n\n\n\n<li>F\u00f6r att s\u00e4lja n\u00e5got? F\u00f6r att underh\u00e5lla?<\/li>\n<\/ul>\n\n\n\n<h2 class=\"wp-block-heading\"><strong>Hur ser webbsidan ut?<\/strong><\/h2>\n\n\n\n<ul class=\"wp-block-list\">\n<li>Har den kontaktinformation?<\/li>\n\n\n\n<li>Har den fungerande l\u00e4nkar?<\/li>\n\n\n\n<li>Har den trov\u00e4rdiga k\u00e4llh\u00e4nvisningar?<\/li>\n\n\n\n<li>Har den senast granskad-datum?<\/li>\n<\/ul>\n\n\n\n<h2 class=\"wp-block-heading\"><strong>Kan du f\u00e5 information fr\u00e5n andra st\u00e4llen?<\/strong><\/h2>\n\n\n\n<ul class=\"wp-block-list\">\n<li>Har du j\u00e4mf\u00f6rt med vad du redan vet?<\/li>\n\n\n\n<li>Har du j\u00e4mf\u00f6rt med andra k\u00e4llor?<\/li>\n<\/ul>\n\n\n\n<figure class=\"wp-block-image\"><a href=\"https:\/\/www.nackagymnasium.info\/skolbibliotek\/wp-content\/uploads\/2017\/06\/computer-1330162_1920.png\"><img loading=\"lazy\" decoding=\"async\" width=\"1024\" height=\"650\" src=\"https:\/\/www.nackagymnasium.info\/skolbibliotek\/wp-content\/uploads\/2017\/06\/computer-1330162_1920-1024x650.png\" alt=\"\" class=\"wp-image-9927\" srcset=\"https:\/\/www.nackagymnasium.info\/skolbibliotek\/wp-content\/uploads\/2017\/06\/computer-1330162_1920-1024x650.png 1024w, https:\/\/www.nackagymnasium.info\/skolbibliotek\/wp-content\/uploads\/2017\/06\/computer-1330162_1920-300x190.png 300w, https:\/\/www.nackagymnasium.info\/skolbibliotek\/wp-content\/uploads\/2017\/06\/computer-1330162_1920-768x488.png 768w, https:\/\/www.nackagymnasium.info\/skolbibliotek\/wp-content\/uploads\/2017\/06\/computer-1330162_1920-1200x762.png 1200w, https:\/\/www.nackagymnasium.info\/skolbibliotek\/wp-content\/uploads\/2017\/06\/computer-1330162_1920.png 1920w\" sizes=\"auto, (max-width: 709px) 85vw, (max-width: 909px) 67vw, (max-width: 1362px) 62vw, 840px\" \/><\/a><\/figure>\n\n\n\n<h1 class=\"wp-block-heading\"><strong>K\u00e4lltillit<\/strong><\/h1>\n\n\n\n<p>&#8221;Vi kan inte g\u00f6ra egna unders\u00f6kningar om allting. Vi m\u00e5ste hitta k\u00e4llor som det \u00e4r rimligt att lita p\u00e5&#8221;, s\u00e4ger Olof Sundin i en intervju p\u00e5 <a href=\"https:\/\/internetkunskap.se\/artiklar\/kallkritik\/darfor-behover-du-kalltillit\/\" data-type=\"link\" data-id=\"https:\/\/internetkunskap.se\/artiklar\/kallkritik\/darfor-behover-du-kalltillit\/\"><strong>Internetstiftelsens <\/strong><\/a><a href=\"https:\/\/internetkunskap.se\/artiklar\/kallkritik\/darfor-behover-du-kalltillit\/\" data-type=\"link\" data-id=\"https:\/\/internetkunskap.se\/artiklar\/kallkritik\/darfor-behover-du-kalltillit\/\" target=\"_blank\" rel=\"noreferrer noopener\"><strong>webbplats<\/strong><\/a>.<\/p>\n\n\n\n<p>K\u00e4lltillit handlar om f\u00f6rst\u00e5else f\u00f6r olika processer i samh\u00e4llet, t.ex. hur journalister och forskare arbetar. N\u00e4r du f\u00f6rdjupar din k\u00e4lltillit kan du l\u00e4ttare avg\u00f6ra om en k\u00e4lla \u00e4r v\u00e4rd att litas p\u00e5, och d\u00e4rf\u00f6r l\u00e4gga tid p\u00e5 att h\u00e4mta in kunskap i st\u00e4llet f\u00f6r att kritisera k\u00e4llan. L\u00e4s mer hos <a href=\"https:\/\/www.hb.se\/om-hogskolan\/aktuellt\/nyhetsarkiv\/2022\/juni\/kallkritik-eller-kalltillit\/\" data-type=\"link\" data-id=\"https:\/\/www.hb.se\/om-hogskolan\/aktuellt\/nyhetsarkiv\/2022\/juni\/kallkritik-eller-kalltillit\/\" target=\"_blank\" rel=\"noreferrer noopener\"><strong>H\u00f6gskolan <\/strong><\/a><a href=\"https:\/\/www.hb.se\/om-hogskolan\/aktuellt\/nyhetsarkiv\/2022\/juni\/kallkritik-eller-kalltillit\/\" data-type=\"link\" data-id=\"https:\/\/www.hb.se\/om-hogskolan\/aktuellt\/nyhetsarkiv\/2022\/juni\/kallkritik-eller-kalltillit\/\"><strong>i Bor\u00e5s<\/strong><\/a>. <\/p>\n\n\n\n<h1 class=\"wp-block-heading\"><strong>S\u00f6kkritik<\/strong><\/h1>\n\n\n\n<p>S\u00f6kkritik inneb\u00e4r att man har ett kritiskt f\u00f6rh\u00e5llningss\u00e4tt till de s\u00f6ktj\u00e4nster vi anv\u00e4nder, inte bara till enskilda k\u00e4llor. En s\u00f6kmotor som Google rangordnar och filtrerar s\u00f6kresultatet utifr\u00e5n olika algoritmer. Algoritmer p\u00e5verkar allts\u00e5 vad du n\u00e5s av f\u00f6r information. H\u00e4r \u00e4r n\u00e5gra exempel:<\/p>\n\n\n\n<ul class=\"wp-block-list\">\n<li>De tr\u00e4ffar du f\u00e5r beror p\u00e5 vilka s\u00f6kningar du har gjort tidigare &#8211; och p\u00e5 vem Google tror att du \u00e4r! Det handlar bland annat om din \u00e5lder, ditt k\u00f6n och dina intressen, som avg\u00f6rs utifr\u00e5n dina s\u00f6kningar och sedan p\u00e5verkar framtida s\u00f6kresultat.&nbsp;Du f\u00e5r allts\u00e5 inte samma tr\u00e4ffar som n\u00e5gon annan.<\/li>\n\n\n\n<li>Antalet l\u00e4nkar till och fr\u00e5n en sida \u00e4r en av m\u00e5nga faktorer p\u00e5verkar den s\u00e5 kallade rankningen av s\u00f6kresultaten. \u00c4ven antalet bes\u00f6kare p\u00e5 sidan p\u00e5verkar.<\/li>\n\n\n\n<li>Genom olika knep (s\u00f6kmotoroptimering) f\u00f6rs\u00f6ker f\u00f6retag hamna h\u00f6gre upp i tr\u00e4fflistan <\/li>\n\n\n\n<li>Annonser blandas med &#8221;riktiga tr\u00e4ffar&#8221; &#8211; ser du vilka som \u00e4r vilka?<\/li>\n<\/ul>\n\n\n\n<p>Var allts\u00e5 kritisk till vilka tr\u00e4ffar du f\u00e5r &#8211; och varf\u00f6r. I inst\u00e4llningarna f\u00f6r Google kan du p\u00e5verka vilka data som lagras om dig eller rensa lagrade data. D\u00e5 p\u00e5verkas dina s\u00f6kresultat mindre av vad du har s\u00f6kt p\u00e5 tidigare.<\/p>\n\n\n\n<p>Fr\u00e5ga oss g\u00e4rna p\u00e5 biblioteket om&nbsp;fler ing\u00e5ngar till att s\u00f6ka information. Du vet v\u00e4l att du som elev har gratis tillg\u00e5ng till flera <strong><a rel=\"noopener noreferrer\" href=\"https:\/\/www.nackagymnasium.info\/skolbibliotek\/hitta-kallor\/digitala-resurser\/\" target=\"_blank\">digitala databaser<\/a> <\/strong>som kan hj\u00e4lpa dig i skolarbetet?<\/p>\n\n\n\n<p>Uppdaterad 2024-01-05<\/p>\n","protected":false},"excerpt":{"rendered":"<p>K\u00e4llkritik Att kritiskt kunna granska och v\u00e4rdera information \u00e4r en f\u00f6ruts\u00e4ttning f\u00f6r att du ska klara dina studier, men ocks\u00e5 f\u00f6r att hantera det informationsfl\u00f6de som du m\u00f6ter utanf\u00f6r skolan. Det b\u00e4sta s\u00e4ttet att uppt\u00e4cka felaktig och vinklad information \u00e4r att anv\u00e4nda flera oberoende k\u00e4llor och j\u00e4mf\u00f6ra med varandra. Du kan ocks\u00e5 ta hj\u00e4lp av &hellip; <a href=\"https:\/\/www.nackagymnasium.info\/skolbibliotek\/vad-vi-gor\/kallkritik\/\" class=\"more-link\">Forts\u00e4tt l\u00e4sa<span class=\"screen-reader-text\"> \u201dK\u00e4llkritik, k\u00e4lltillit och s\u00f6kkritik\u201d<\/span><\/a><\/p>\n","protected":false},"author":1,"featured_media":0,"parent":11658,"menu_order":0,"comment_status":"closed","ping_status":"closed","template":"","meta":{"footnotes":""},"class_list":["post-9794","page","type-page","status-publish","hentry"],"_links":{"self":[{"href":"https:\/\/www.nackagymnasium.info\/skolbibliotek\/wp-json\/wp\/v2\/pages\/9794","targetHints":{"allow":["GET"]}}],"collection":[{"href":"https:\/\/www.nackagymnasium.info\/skolbibliotek\/wp-json\/wp\/v2\/pages"}],"about":[{"href":"https:\/\/www.nackagymnasium.info\/skolbibliotek\/wp-json\/wp\/v2\/types\/page"}],"author":[{"embeddable":true,"href":"https:\/\/www.nackagymnasium.info\/skolbibliotek\/wp-json\/wp\/v2\/users\/1"}],"replies":[{"embeddable":true,"href":"https:\/\/www.nackagymnasium.info\/skolbibliotek\/wp-json\/wp\/v2\/comments?post=9794"}],"version-history":[{"count":32,"href":"https:\/\/www.nackagymnasium.info\/skolbibliotek\/wp-json\/wp\/v2\/pages\/9794\/revisions"}],"predecessor-version":[{"id":12508,"href":"https:\/\/www.nackagymnasium.info\/skolbibliotek\/wp-json\/wp\/v2\/pages\/9794\/revisions\/12508"}],"up":[{"embeddable":true,"href":"https:\/\/www.nackagymnasium.info\/skolbibliotek\/wp-json\/wp\/v2\/pages\/11658"}],"wp:attachment":[{"href":"https:\/\/www.nackagymnasium.info\/skolbibliotek\/wp-json\/wp\/v2\/media?parent=9794"}],"curies":[{"name":"wp","href":"https:\/\/api.w.org\/{rel}","templated":true}]}}