{"id":9935,"date":"2017-06-21T14:36:12","date_gmt":"2017-06-21T12:36:12","guid":{"rendered":"http:\/\/www.nackagymnasium.info\/skolbibliotek\/?page_id=9935"},"modified":"2024-01-05T08:59:43","modified_gmt":"2024-01-05T07:59:43","slug":"ng-laser-och-skriver","status":"publish","type":"page","link":"https:\/\/www.nackagymnasium.info\/skolbibliotek\/vad-vi-gor\/ng-laser-och-skriver\/","title":{"rendered":"NG l\u00e4ser &#038; skriver"},"content":{"rendered":"\n<h2 class=\"wp-block-heading\"><strong>NG l\u00e4ser<\/strong><\/h2>\n\n\n\n<p>Nacka gymnasiums l\u00e4skampanj #ngl\u00e4ser synligg\u00f6r l\u00e4sandet p\u00e5 skolan genom olika aktiviteter, som planeras tillsammans med l\u00e4rare. Bland annat f\u00e5r elever skriva bokrecensioner som sedan blir till bokm\u00e4rken och utst\u00e4llningar i biblioteket.<\/p>\n\n\n\n<p>Sj\u00e4lvklart \u00e4r #ngl\u00e4ser \u00e4ven en <a href=\"https:\/\/www.instagram.com\/explore\/tags\/ngl%C3%A4ser\/\"><strong>hashtag<\/strong><\/a> p\u00e5 <a href=\"https:\/\/www.instagram.com\/ngbibl\/\"><strong>Instagram<\/strong><\/a>, d\u00e4r elever och l\u00e4rare delar med sig av sina boktips!<\/p>\n\n\n\n<figure class=\"wp-block-image\"><a href=\"https:\/\/www.nackagymnasium.info\/skolbibliotek\/wp-content\/uploads\/2017\/06\/IMG_2201.jpg\"><img loading=\"lazy\" decoding=\"async\" width=\"1024\" height=\"576\" src=\"https:\/\/www.nackagymnasium.info\/skolbibliotek\/wp-content\/uploads\/2017\/06\/IMG_2201-1024x576.jpg\" alt=\"NG l\u00e4ser-bokm\u00e4rken i en bok\" class=\"wp-image-9948\" srcset=\"https:\/\/www.nackagymnasium.info\/skolbibliotek\/wp-content\/uploads\/2017\/06\/IMG_2201-1024x576.jpg 1024w, https:\/\/www.nackagymnasium.info\/skolbibliotek\/wp-content\/uploads\/2017\/06\/IMG_2201-300x169.jpg 300w, https:\/\/www.nackagymnasium.info\/skolbibliotek\/wp-content\/uploads\/2017\/06\/IMG_2201-768x432.jpg 768w, https:\/\/www.nackagymnasium.info\/skolbibliotek\/wp-content\/uploads\/2017\/06\/IMG_2201-1200x675.jpg 1200w\" sizes=\"auto, (max-width: 709px) 85vw, (max-width: 909px) 67vw, (max-width: 1362px) 62vw, 840px\" \/><\/a><\/figure>\n\n\n\n<figure class=\"wp-block-image\"><a href=\"https:\/\/www.nackagymnasium.info\/skolbibliotek\/wp-content\/uploads\/2017\/05\/IMG_1957_bearb.jpg\"><img loading=\"lazy\" decoding=\"async\" width=\"1024\" height=\"470\" src=\"https:\/\/www.nackagymnasium.info\/skolbibliotek\/wp-content\/uploads\/2017\/05\/IMG_1957_bearb-1024x470.jpg\" alt=\"Utst\u00e4llning med NG l\u00e4ser-bokm\u00e4rken i olika b\u00f6cker, p\u00e5 ett bord med bl\u00e5 sammetsduk\" class=\"wp-image-9622\" srcset=\"https:\/\/www.nackagymnasium.info\/skolbibliotek\/wp-content\/uploads\/2017\/05\/IMG_1957_bearb-1024x470.jpg 1024w, https:\/\/www.nackagymnasium.info\/skolbibliotek\/wp-content\/uploads\/2017\/05\/IMG_1957_bearb-300x138.jpg 300w, https:\/\/www.nackagymnasium.info\/skolbibliotek\/wp-content\/uploads\/2017\/05\/IMG_1957_bearb-768x353.jpg 768w, https:\/\/www.nackagymnasium.info\/skolbibliotek\/wp-content\/uploads\/2017\/05\/IMG_1957_bearb-1200x551.jpg 1200w\" sizes=\"auto, (max-width: 709px) 85vw, (max-width: 909px) 67vw, (max-width: 1362px) 62vw, 840px\" \/><\/a><\/figure>\n\n\n\n<p>N\u00e4r utst\u00e4llningen \u00e4r \u00f6ver f\u00e5r stickorna med elevrecensioner sitta kvar i b\u00f6ckerna, s\u00e5 att elever som letar ute i hyllorna kan ta del av dem. <\/p>\n\n\n\n<h2 class=\"wp-block-heading\"><strong>NG skriver<\/strong><\/h2>\n\n\n\n<p>I biblioteket finns en s\u00e4rskild skrivhylla, med b\u00f6cker och tidskrifter som inspirerar till skrivande. Vi fokuserar p\u00e5 skrivande som n\u00e5got lustfyllt och frivilligt. Det \u00e4r inget som bed\u00f6ms eller beh\u00f6ver visas upp. Det kan handla om kylsk\u00e5pspoesi, boktitelpoesi, black out-poetry eller n\u00e5got helt annat.<\/p>\n\n\n\n<p>Biblioteket deltar i arbetet med den \u00e5rliga Poesifestivalen p\u00e5 naturprogrammen. D\u00e5 kan l\u00e4rare i olika \u00e4mnen boka in &#8221;poesiattacker&#8221;, l\u00e5na black out poetry-kit, med sidor ur gallrade b\u00f6cker och l\u00e4mpliga tuschpennor, i biblioteket &#8211; och mycket mer.<\/p>\n\n\n\n<figure class=\"wp-block-gallery has-nested-images columns-default is-cropped wp-block-gallery-2 is-layout-flex wp-block-gallery-is-layout-flex\">\n<figure class=\"wp-block-image size-large\"><img loading=\"lazy\" decoding=\"async\" width=\"1024\" height=\"1024\" data-id=\"11264\" src=\"https:\/\/www.nackagymnasium.info\/skolbibliotek\/wp-content\/uploads\/2020\/01\/47693590_2252196445019322_7460844639899943303_n-2-1024x1024.jpg\" alt=\"\" class=\"wp-image-11264\" srcset=\"https:\/\/www.nackagymnasium.info\/skolbibliotek\/wp-content\/uploads\/2020\/01\/47693590_2252196445019322_7460844639899943303_n-2-1024x1024.jpg 1024w, https:\/\/www.nackagymnasium.info\/skolbibliotek\/wp-content\/uploads\/2020\/01\/47693590_2252196445019322_7460844639899943303_n-2-300x300.jpg 300w, https:\/\/www.nackagymnasium.info\/skolbibliotek\/wp-content\/uploads\/2020\/01\/47693590_2252196445019322_7460844639899943303_n-2-150x150.jpg 150w, https:\/\/www.nackagymnasium.info\/skolbibliotek\/wp-content\/uploads\/2020\/01\/47693590_2252196445019322_7460844639899943303_n-2-768x768.jpg 768w, https:\/\/www.nackagymnasium.info\/skolbibliotek\/wp-content\/uploads\/2020\/01\/47693590_2252196445019322_7460844639899943303_n-2.jpg 1080w\" sizes=\"auto, (max-width: 709px) 85vw, (max-width: 909px) 67vw, (max-width: 1362px) 62vw, 840px\" \/><\/figure>\n\n\n\n<figure class=\"wp-block-image size-large\"><img loading=\"lazy\" decoding=\"async\" width=\"1024\" height=\"1024\" data-id=\"11265\" src=\"https:\/\/www.nackagymnasium.info\/skolbibliotek\/wp-content\/uploads\/2020\/01\/68909109_190555645283929_1969425399185805769_n-1-1024x1024.jpg\" alt=\"\" class=\"wp-image-11265\" srcset=\"https:\/\/www.nackagymnasium.info\/skolbibliotek\/wp-content\/uploads\/2020\/01\/68909109_190555645283929_1969425399185805769_n-1-1024x1024.jpg 1024w, https:\/\/www.nackagymnasium.info\/skolbibliotek\/wp-content\/uploads\/2020\/01\/68909109_190555645283929_1969425399185805769_n-1-300x300.jpg 300w, https:\/\/www.nackagymnasium.info\/skolbibliotek\/wp-content\/uploads\/2020\/01\/68909109_190555645283929_1969425399185805769_n-1-150x150.jpg 150w, https:\/\/www.nackagymnasium.info\/skolbibliotek\/wp-content\/uploads\/2020\/01\/68909109_190555645283929_1969425399185805769_n-1-768x768.jpg 768w, https:\/\/www.nackagymnasium.info\/skolbibliotek\/wp-content\/uploads\/2020\/01\/68909109_190555645283929_1969425399185805769_n-1.jpg 1080w\" sizes=\"auto, (max-width: 709px) 85vw, (max-width: 909px) 67vw, (max-width: 1362px) 62vw, 840px\" \/><\/figure>\n<\/figure>\n\n\n\n<figure class=\"wp-block-gallery has-nested-images columns-2 is-cropped wp-block-gallery-3 is-layout-flex wp-block-gallery-is-layout-flex\">\n<figure class=\"wp-block-image size-large\"><img loading=\"lazy\" decoding=\"async\" width=\"1024\" height=\"768\" data-id=\"11944\" src=\"https:\/\/www.nackagymnasium.info\/skolbibliotek\/wp-content\/uploads\/2021\/04\/159144894_438545454023666_8725804828039624958_n1-1024x768.jpg\" alt=\"\" class=\"wp-image-11944\" srcset=\"https:\/\/www.nackagymnasium.info\/skolbibliotek\/wp-content\/uploads\/2021\/04\/159144894_438545454023666_8725804828039624958_n1-1024x768.jpg 1024w, https:\/\/www.nackagymnasium.info\/skolbibliotek\/wp-content\/uploads\/2021\/04\/159144894_438545454023666_8725804828039624958_n1-300x225.jpg 300w, https:\/\/www.nackagymnasium.info\/skolbibliotek\/wp-content\/uploads\/2021\/04\/159144894_438545454023666_8725804828039624958_n1-768x576.jpg 768w, https:\/\/www.nackagymnasium.info\/skolbibliotek\/wp-content\/uploads\/2021\/04\/159144894_438545454023666_8725804828039624958_n1.jpg 1080w\" sizes=\"auto, (max-width: 709px) 85vw, (max-width: 909px) 67vw, (max-width: 1362px) 62vw, 840px\" \/><\/figure>\n\n\n\n<figure class=\"wp-block-image size-large\"><img loading=\"lazy\" decoding=\"async\" width=\"1024\" height=\"1024\" data-id=\"11259\" src=\"https:\/\/www.nackagymnasium.info\/skolbibliotek\/wp-content\/uploads\/2020\/01\/45363221_2188666314477322_7963635068611657297_n2-1024x1024.jpg\" alt=\"\" class=\"wp-image-11259\" srcset=\"https:\/\/www.nackagymnasium.info\/skolbibliotek\/wp-content\/uploads\/2020\/01\/45363221_2188666314477322_7963635068611657297_n2-1024x1024.jpg 1024w, https:\/\/www.nackagymnasium.info\/skolbibliotek\/wp-content\/uploads\/2020\/01\/45363221_2188666314477322_7963635068611657297_n2-300x300.jpg 300w, https:\/\/www.nackagymnasium.info\/skolbibliotek\/wp-content\/uploads\/2020\/01\/45363221_2188666314477322_7963635068611657297_n2-150x150.jpg 150w, https:\/\/www.nackagymnasium.info\/skolbibliotek\/wp-content\/uploads\/2020\/01\/45363221_2188666314477322_7963635068611657297_n2-768x768.jpg 768w, https:\/\/www.nackagymnasium.info\/skolbibliotek\/wp-content\/uploads\/2020\/01\/45363221_2188666314477322_7963635068611657297_n2.jpg 1080w\" sizes=\"auto, (max-width: 709px) 85vw, (max-width: 909px) 67vw, (max-width: 1362px) 62vw, 840px\" \/><\/figure>\n<\/figure>\n\n\n\n<p><\/p>\n\n\n\n<p>Uppdaterad 2024-01-05<\/p>\n","protected":false},"excerpt":{"rendered":"<p>NG l\u00e4ser Nacka gymnasiums l\u00e4skampanj #ngl\u00e4ser synligg\u00f6r l\u00e4sandet p\u00e5 skolan genom olika aktiviteter, som planeras tillsammans med l\u00e4rare. Bland annat f\u00e5r elever skriva bokrecensioner som sedan blir till bokm\u00e4rken och utst\u00e4llningar i biblioteket. Sj\u00e4lvklart \u00e4r #ngl\u00e4ser \u00e4ven en hashtag p\u00e5 Instagram, d\u00e4r elever och l\u00e4rare delar med sig av sina boktips! N\u00e4r utst\u00e4llningen \u00e4r \u00f6ver &hellip; <a href=\"https:\/\/www.nackagymnasium.info\/skolbibliotek\/vad-vi-gor\/ng-laser-och-skriver\/\" class=\"more-link\">Forts\u00e4tt l\u00e4sa<span class=\"screen-reader-text\"> \u201dNG l\u00e4ser &#038; skriver\u201d<\/span><\/a><\/p>\n","protected":false},"author":1,"featured_media":0,"parent":11658,"menu_order":0,"comment_status":"closed","ping_status":"closed","template":"","meta":{"footnotes":""},"class_list":["post-9935","page","type-page","status-publish","hentry"],"_links":{"self":[{"href":"https:\/\/www.nackagymnasium.info\/skolbibliotek\/wp-json\/wp\/v2\/pages\/9935","targetHints":{"allow":["GET"]}}],"collection":[{"href":"https:\/\/www.nackagymnasium.info\/skolbibliotek\/wp-json\/wp\/v2\/pages"}],"about":[{"href":"https:\/\/www.nackagymnasium.info\/skolbibliotek\/wp-json\/wp\/v2\/types\/page"}],"author":[{"embeddable":true,"href":"https:\/\/www.nackagymnasium.info\/skolbibliotek\/wp-json\/wp\/v2\/users\/1"}],"replies":[{"embeddable":true,"href":"https:\/\/www.nackagymnasium.info\/skolbibliotek\/wp-json\/wp\/v2\/comments?post=9935"}],"version-history":[{"count":30,"href":"https:\/\/www.nackagymnasium.info\/skolbibliotek\/wp-json\/wp\/v2\/pages\/9935\/revisions"}],"predecessor-version":[{"id":12509,"href":"https:\/\/www.nackagymnasium.info\/skolbibliotek\/wp-json\/wp\/v2\/pages\/9935\/revisions\/12509"}],"up":[{"embeddable":true,"href":"https:\/\/www.nackagymnasium.info\/skolbibliotek\/wp-json\/wp\/v2\/pages\/11658"}],"wp:attachment":[{"href":"https:\/\/www.nackagymnasium.info\/skolbibliotek\/wp-json\/wp\/v2\/media?parent=9935"}],"curies":[{"name":"wp","href":"https:\/\/api.w.org\/{rel}","templated":true}]}}